{"id":29599,"date":"2025-07-07T10:55:19","date_gmt":"2025-07-07T08:55:19","guid":{"rendered":"https:\/\/www.unidav.it\/?page_id=29599"},"modified":"2025-11-26T16:45:53","modified_gmt":"2025-11-26T15:45:53","slug":"aiuta-unidav-a-migliorare","status":"publish","type":"page","link":"https:\/\/www.unidav.it\/index.php\/area-studenti-unidav\/aiuta-unidav-a-migliorare\/","title":{"rendered":"Parla con noi per migliorarci assieme"},"content":{"rendered":"\n<hr \/>\n<h1 style=\"text-align: center;\"><span style=\"color: #000000;\">Parla con noi\u00a0<\/span><\/h1>\n<hr \/>\n<p><img decoding=\"async\" class=\"alignnone size-medium wp-image-13743 aligncenter\" src=\"https:\/\/www.unidav.it\/wp-content\/uploads\/Udav_2020_Logo_Oriz-300x68.png\" alt=\"\" width=\"300\" height=\"68\" srcset=\"https:\/\/www.unidav.it\/wp-content\/uploads\/Udav_2020_Logo_Oriz-300x68.png 300w, https:\/\/www.unidav.it\/wp-content\/uploads\/Udav_2020_Logo_Oriz-1024x233.png 1024w, https:\/\/www.unidav.it\/wp-content\/uploads\/Udav_2020_Logo_Oriz-150x34.png 150w, https:\/\/www.unidav.it\/wp-content\/uploads\/Udav_2020_Logo_Oriz-768x175.png 768w, https:\/\/www.unidav.it\/wp-content\/uploads\/Udav_2020_Logo_Oriz.png 1509w\" sizes=\"(max-width: 300px) 100vw, 300px\" \/><\/p>\n<p>\u00a0<\/p>\n<h4 style=\"text-align: center;\"><em>Puoi inviare un reclamo, un suggerimento o un contributo anche in forma anonima, compilando il modulo che trovi in questa pagina, per aiutarci a migliorare la qualit\u00e0 dei nostri servizi per te!<\/em><\/h4>\n\n\n\n<p><\/p>\n\n\n\n<p>&nbsp;<\/p>\n<p>&nbsp;<\/p>\n\n\n<div style=\"display:none\" class=\"fm-form-container fm-theme9\"><div id=\"fm-pages45\" class=\"fm-pages wdform_page_navigation \" show_title=\"\" show_numbers=\"1\" type=\"none\"><\/div><form name=\"form45\" action=\"\/index.php\/wp-json\/wp\/v2\/pages\/29599\" method=\"post\" id=\"form45\" class=\"fm-form form45  \" enctype=\"multipart\/form-data\"><input type=\"hidden\" id=\"fm_page_id45\" value=\"29599\" name=\"fm_page_id45\" \/><input type=\"hidden\" id=\"fm_current_post_type45\" value=\"page\" name=\"fm_current_post_type45\" \/><input type=\"hidden\" id=\"counter45\" value=\"13\" name=\"counter45\" \/><input type=\"hidden\" id=\"Itemid45\" value=\"\" name=\"Itemid45\" \/><input type=\"hidden\" id=\"fm_shake45\" value=\"1\" name=\"fm_shake45\" \/><input type=\"text\" class=\"fm-hide\" id=\"fm_empty_field_validation45\" value=\"\" name=\"fm_empty_field_validation45\" data-value=\"bd736efb144d599cf463541431fbf5c4\" \/><div class=\"wdform-page-and-images fm-form-builder\"><div id=\"45form_view1\" class=\"wdform_page\" page_title=\"Untitled page\" next_title=\"Next\" next_type=\"text\" next_class=\"wdform-page-button\" next_checkable=\"true\" previous_title=\"Previous\" previous_type=\"text\" previous_class=\"wdform-page-button\" previous_checkable=\"false\"><div class=\"wdform_section\"><div class=\"wdform_column\"><div wdid=\"2\" class=\"wdform_row\"><div type=\"type_text\" class=\"wdform-field wd-width-100 wd-flex wd-flex-column fm-type_text\" ><div class=\"wdform-label-section wd-width-100  wd-flex-row wd-align-items-center\">    <label  for=\"wdform_2_element45\" class=\"wdform-label\">Nome<\/label><\/div><div class=\"wdform-element-section wd-flex  wd-flex-row wd-align-items-center wd-width-100\" ><input type=\"text\"                           class=\"wd-width-100\"                           id=\"wdform_2_element45\"                           name=\"wdform_2_element45\"                           value=\"\"                           data-value=\"\"                           title=\"\"                           placeholder=\"\"                                                       \/><\/div><\/div><\/div><\/div><div class=\"wdform_column\"><div wdid=\"8\" class=\"wdform_row\"><div type=\"type_text\" class=\"wdform-field wd-width-100 wd-flex wd-flex-column fm-type_text\" ><div class=\"wdform-label-section wd-width-100 undefined wd-flex-row wd-align-items-center\">    <label  for=\"wdform_8_element45\" class=\"wdform-label\">Cognome<\/label><\/div><div class=\"wdform-element-section wd-flex undefined wd-flex-row wd-align-items-center wd-width-100\" ><input type=\"text\"                           class=\"wd-width-100\"                           id=\"wdform_8_element45\"                           name=\"wdform_8_element45\"                           value=\"\"                           data-value=\"\"                           title=\"\"                           placeholder=\"\"                                                       \/><\/div><\/div><\/div><\/div><div class=\"wdform_column\"><div wdid=\"6\" class=\"wdform_row\" style=\"position: relative; left: 0px; top: 0px;\"><div type=\"type_submitter_mail\" class=\"wdform-field wd-width-100 wd-flex wd-flex-column fm-type_submitter_mail\" ><div class=\"wdform-label-section wd-width-100  wd-flex-row\">    <label  for=\"wdform_6_element45\" class=\"wdform-label\">Email<\/label><\/div><div class=\"wdform-element-section wd-flex  wd-flex-row wd-width-100\" ><input type=\"text\" class=\"wd-width-100\" id=\"wdform_6_element45\" name=\"wdform_6_element45\" data-value=\"\" value=\"\" title=\"\" placeholder=\"\"   onchange=\"wd_check_email('6', '45', 'Questo non \u00e8 un indirizzo email valido.')\" \/><\/div><\/div><\/div><\/div><div class=\"wdform_column\"><div wdid=\"7\" class=\"wdform_row\" style=\"position: relative; left: 0px; top: 0px;\"><div type=\"type_own_select\" class=\"wdform-field wd-width-100 wd-flex wd-flex-row fm-type_own_select\" ><div class=\"wdform-label-section wd-width-30 wd-hidden wdform_select wd-flex-row\">    <label  for=\"wdform_7_element45\" class=\"wdform-label\">Ruolo<\/label><span class=\"wdform-required\">*<\/span><\/div><div class=\"wdform-element-section wd-flex wdform_select wd-flex-row wd-width-100\" ><select class=\"wd-width-100\" id=\"wdform_7_element45\" name=\"wdform_7_element45\" ><option value=\"SELEZIONA IL RUOLO\" selected=\"selected\">SELEZIONA IL RUOLO<\/option><option value=\"Studente\" >Studente<\/option><option value=\"Famigliare\" >Famigliare<\/option><option value=\"Docente\" >Docente<\/option><option value=\"Personale T\/A\" >Personale T\/A<\/option><option value=\"Aziende\" >Aziende<\/option><option value=\"Altro\" >Altro<\/option><\/select><\/div><\/div><\/div><\/div><div class=\"wdform_column\"><div wdid=\"9\" class=\"wdform_row\" style=\"position: relative; left: 0px; top: 0px;\"><div type=\"type_own_select\" class=\"wdform-field wd-width-100 wd-flex wd-flex-row fm-type_own_select\" ><div class=\"wdform-label-section wd-width-30 wd-hidden wdform_select wd-flex-row\">    <label  for=\"wdform_9_element45\" class=\"wdform-label\">AMBITO<\/label><span class=\"wdform-required\">*<\/span><\/div><div class=\"wdform-element-section wd-flex wdform_select wd-flex-row wd-width-100\" ><select class=\"wd-width-100\" id=\"wdform_9_element45\" name=\"wdform_9_element45\" ><option value=\"SELEZIONA LAMBITO\" selected=\"selected\">SELEZIONA L&#039;AMBITO<\/option><option value=\"Didattica\" >Didattica<\/option><option value=\"Strutture\" >Strutture<\/option><option value=\"Servizi\" >Servizi<\/option><option value=\"Internazionalizzazione\" >Internazionalizzazione<\/option><option value=\"Pari Opportunit\u00e0\" >Pari Opportunit\u00e0<\/option><\/select><\/div><\/div><\/div><\/div><div class=\"wdform_column\"><div wdid=\"10\" class=\"wdform_row\"><div type=\"type_own_select\" class=\"wdform-field wd-width-100 wd-flex wd-flex-row fm-type_own_select\" ><div class=\"wdform-label-section wd-width-30 wd-hidden wdform_select wd-flex-row\">    <label  for=\"wdform_10_element45\" class=\"wdform-label\">OGGETTO<\/label><span class=\"wdform-required\">*<\/span><\/div><div class=\"wdform-element-section wd-flex wdform_select wd-flex-row wd-width-100\" ><select class=\"wd-width-100\" id=\"wdform_10_element45\" name=\"wdform_10_element45\" ><option value=\"SELEZIONA LOGGETTO\" selected=\"selected\">SELEZIONA L&#039;OGGETTO<\/option><option value=\"Suggerimento\" >Suggerimento<\/option><option value=\"Disservizio\" >Disservizio<\/option><option value=\"Gradimento\" >Gradimento<\/option><\/select><\/div><\/div><\/div><\/div><div class=\"wdform_column\"><div wdid=\"5\" class=\"wdform_row\"><div type=\"type_textarea\" class=\"wdform-field wd-width-100 wd-flex wd-flex-column fm-type_textarea\" ><div class=\"wdform-label-section wd-width-100 \">    <label  for=\"wdform_5_element45\" class=\"wdform-label\">Dicci tutto<\/label><span class=\"wdform-required\">*<\/span><\/div><div class=\"wdform-element-section wd-flex  wd-width-100\" ><textarea class=\"wd-width-100\"                      id=\"wdform_5_element45\"                      name=\"wdform_5_element45\"                      placeholder=\"\"                      data-value=\"\"                      maxlength=\"\"                      style=\"height: 100px;\"                      ><\/textarea><\/div><\/div><\/div><\/div><div class=\"wdform_column\"><div wdid=\"1\" class=\"wdform_row\"><div type=\"type_gdpr_compliance_checkbox\" class=\"wdform-field wd-width-100 wd-flex wd-flex-column fm-type_gdpr_compliance_checkbox\" ><div class=\"wdform-element-section wd-flex  wd-flex-row wd-justify-content-left wd-width-100\" ><label for=\"fm_privacy_policy45\" class=\"wdform-label\">                                       <input id=\"fm_privacy_policy45\" name=\"fm_privacy_policy45\" class=\"wd-flex-row fm-gdpr-checkbox\" onclick=\"fm_privacy_policy_check(this)\" type=\"checkbox\" value=\"1\">Acconsento - Ai sensi dell'art. 13 del Regolamento Europeo 2016\/679 in materia di protezione dei dati personali, la informiamo che UNIDAV, titolare del trattamento, tratter\u00e0 tutti i dati da lei inseriti con modalit\u00e0 manuali, informatiche e telematiche, per finalit\u00e0 connesse e strumentali all'esecuzione di quanto da lei richiestoci. L\u2019Informativa completa \u00e8 disponibile sul sito dell'Ateneo  <a href=\"https:\/\/www.unidav.it\/index.php\/privacy-policy\/\" target=\"_blank\">Privacy Policy<\/a> .<\/label><\/div><\/div><div type=\"type_submit_reset\" class=\"wdform-field wd-width-100 wd-flex wd-flex-column fm-type_submit_reset\" ><div class=\"wdform-element-section wd-flex  wd-flex-row wd-justify-content-left wd-width-100\" ><button disabled=\"disabled\" type=\"button\" class=\"button-submit\" onclick=\"fm_submit_form('45');\"  data-ajax=\"0\"><span class=\"fm-submit-loading spinner fm-ico-spinner\"><\/span>INVIA<\/button><button  type=\"button\" class=\"button-reset wd-hidden\" onclick=\"fm_reset_form(45);\" >Reset<\/button><\/div><\/div><\/div><\/div><\/div><div valign=\"top\" class=\"wdform_footer wd-width-100\"><div class=\"wd-width-100\"><div class=\"wd-width-100 wd-table\" style=\"padding-top:10px;\"><div class=\"wd-table-group\"><div id=\"45page_nav1\" class=\"wd-table-row\"><\/div><\/div><\/div><\/div><\/div><\/div><\/div><div class=\"wdform_preload\"><\/div><input type=\"hidden\" name=\"fm-current-page\" value=\"https:\/\/www.unidav.it\/index.php\/wp-json\/wp\/v2\/pages\/29599\" \/><\/form><\/div>\n\n\n\n<p><img decoding=\"async\" class=\"alignnone size-medium wp-image-13743 aligncenter\" src=\"https:\/\/www.unidav.it\/wp-content\/uploads\/Udav_2020_Logo_Oriz-300x68.png\" alt=\"\" width=\"300\" height=\"68\" srcset=\"https:\/\/www.unidav.it\/wp-content\/uploads\/Udav_2020_Logo_Oriz-300x68.png 300w, https:\/\/www.unidav.it\/wp-content\/uploads\/Udav_2020_Logo_Oriz-1024x233.png 1024w, https:\/\/www.unidav.it\/wp-content\/uploads\/Udav_2020_Logo_Oriz-150x34.png 150w, https:\/\/www.unidav.it\/wp-content\/uploads\/Udav_2020_Logo_Oriz-768x175.png 768w, https:\/\/www.unidav.it\/wp-content\/uploads\/Udav_2020_Logo_Oriz.png 1509w\" sizes=\"(max-width: 300px) 100vw, 300px\" \/><\/p>\n\n\n\n\n","protected":false},"excerpt":{"rendered":"<p>Parla con noi\u00a0 \u00a0 Puoi inviare un reclamo, un suggerimento o un contributo anche in forma anonima, compilando il modulo [&hellip;]<\/p>\n","protected":false},"author":9,"featured_media":14792,"parent":5411,"menu_order":0,"comment_status":"closed","ping_status":"closed","template":"","meta":{"footnotes":"","_links_to":"","_links_to_target":""},"categories":[212,114],"tags":[],"class_list":["post-29599","page","type-page","status-publish","has-post-thumbnail","hentry","category-studenti","category-ateneo"],"yoast_head":"<!-- This site is optimized with the Yoast SEO plugin v26.7 - https:\/\/yoast.com\/wordpress\/plugins\/seo\/ -->\r\n<title>Parla con noi per migliorarci assieme - Unidav.it<\/title>\r\n<meta name=\"description\" content=\"Parla con noi per crescere insiemeAiutaci a migliorare la qualit\u00e0 dei nostri servizi, compila il modulo online per sottoporre all\u2019attenzione dell\u2019Ateneo un reclamo, un suggerimento, un elogio.\" \/>\r\n<meta name=\"robots\" content=\"index, follow, max-snippet:-1, max-image-preview:large, max-video-preview:-1\" \/>\r\n<link rel=\"canonical\" href=\"https:\/\/www.unidav.it\/index.php\/area-studenti-unidav\/aiuta-unidav-a-migliorare\/\" \/>\r\n<meta property=\"og:locale\" content=\"it_IT\" \/>\r\n<meta property=\"og:type\" content=\"article\" \/>\r\n<meta property=\"og:title\" content=\"Parla con noi per crescere insiemeAiutaci a migliorare\" \/>\r\n<meta property=\"og:description\" content=\"Parla con noi per crescere insiemeAiutaci a migliorare la qualit\u00e0 dei nostri servizi, compila il modulo online per sottoporre all\u2019attenzione dell\u2019Ateneo un reclamo, un suggerimento, un elogio.\" \/>\r\n<meta property=\"og:url\" content=\"https:\/\/www.unidav.it\/index.php\/area-studenti-unidav\/aiuta-unidav-a-migliorare\/\" \/>\r\n<meta property=\"og:site_name\" content=\"Unidav.it\" \/>\r\n<meta property=\"article:publisher\" content=\"https:\/\/www.facebook.com\/unidav.it\/\" \/>\r\n<meta property=\"article:modified_time\" content=\"2025-11-26T15:45:53+00:00\" \/>\r\n<meta property=\"og:image\" content=\"https:\/\/www.unidav.it\/wp-content\/uploads\/Logo-Universita\u0300-UNIDAV.png\" \/>\r\n\t<meta property=\"og:image:width\" content=\"500\" \/>\r\n\t<meta property=\"og:image:height\" content=\"250\" \/>\r\n\t<meta property=\"og:image:type\" content=\"image\/png\" \/>\r\n<meta name=\"twitter:card\" content=\"summary_large_image\" \/>\r\n<meta name=\"twitter:label1\" content=\"Tempo di lettura stimato\" \/>\n\t<meta name=\"twitter:data1\" content=\"1 minuto\" \/>\r\n<script type=\"application\/ld+json\" class=\"yoast-schema-graph\">{\"@context\":\"https:\/\/schema.org\",\"@graph\":[{\"@type\":\"WebPage\",\"@id\":\"https:\/\/www.unidav.it\/index.php\/area-studenti-unidav\/aiuta-unidav-a-migliorare\/\",\"url\":\"https:\/\/www.unidav.it\/index.php\/area-studenti-unidav\/aiuta-unidav-a-migliorare\/\",\"name\":\"Parla con noi per migliorarci assieme - Unidav.it\",\"isPartOf\":{\"@id\":\"https:\/\/www.unidav.it\/#website\"},\"primaryImageOfPage\":{\"@id\":\"https:\/\/www.unidav.it\/index.php\/area-studenti-unidav\/aiuta-unidav-a-migliorare\/#primaryimage\"},\"image\":{\"@id\":\"https:\/\/www.unidav.it\/index.php\/area-studenti-unidav\/aiuta-unidav-a-migliorare\/#primaryimage\"},\"thumbnailUrl\":\"https:\/\/www.unidav.it\/wp-content\/uploads\/Logo_Sfondo_FHD-Large.jpg\",\"datePublished\":\"2025-07-07T08:55:19+00:00\",\"dateModified\":\"2025-11-26T15:45:53+00:00\",\"description\":\"Parla con noi per crescere insiemeAiutaci a migliorare la qualit\u00e0 dei nostri servizi, compila il modulo online per sottoporre all\u2019attenzione dell\u2019Ateneo un reclamo, un suggerimento, un elogio.\",\"breadcrumb\":{\"@id\":\"https:\/\/www.unidav.it\/index.php\/area-studenti-unidav\/aiuta-unidav-a-migliorare\/#breadcrumb\"},\"inLanguage\":\"it-IT\",\"potentialAction\":[{\"@type\":\"ReadAction\",\"target\":[\"https:\/\/www.unidav.it\/index.php\/area-studenti-unidav\/aiuta-unidav-a-migliorare\/\"]}]},{\"@type\":\"ImageObject\",\"inLanguage\":\"it-IT\",\"@id\":\"https:\/\/www.unidav.it\/index.php\/area-studenti-unidav\/aiuta-unidav-a-migliorare\/#primaryimage\",\"url\":\"https:\/\/www.unidav.it\/wp-content\/uploads\/Logo_Sfondo_FHD-Large.jpg\",\"contentUrl\":\"https:\/\/www.unidav.it\/wp-content\/uploads\/Logo_Sfondo_FHD-Large.jpg\",\"width\":1920,\"height\":1080},{\"@type\":\"BreadcrumbList\",\"@id\":\"https:\/\/www.unidav.it\/index.php\/area-studenti-unidav\/aiuta-unidav-a-migliorare\/#breadcrumb\",\"itemListElement\":[{\"@type\":\"ListItem\",\"position\":1,\"name\":\"Home\",\"item\":\"https:\/\/www.unidav.it\/\"},{\"@type\":\"ListItem\",\"position\":2,\"name\":\"Area Studenti\",\"item\":\"https:\/\/www.unidav.it\/index.php\/area-studenti-unidav\/\"},{\"@type\":\"ListItem\",\"position\":3,\"name\":\"Parla con noi per migliorarci assieme\"}]},{\"@type\":\"WebSite\",\"@id\":\"https:\/\/www.unidav.it\/#website\",\"url\":\"https:\/\/www.unidav.it\/\",\"name\":\"Unidav.it\",\"description\":\"Universit\u00e0 Digitale Leonardo da Vinci\",\"potentialAction\":[{\"@type\":\"SearchAction\",\"target\":{\"@type\":\"EntryPoint\",\"urlTemplate\":\"https:\/\/www.unidav.it\/?s={search_term_string}\"},\"query-input\":{\"@type\":\"PropertyValueSpecification\",\"valueRequired\":true,\"valueName\":\"search_term_string\"}}],\"inLanguage\":\"it-IT\"}]}<\/script>\r\n<!-- \/ Yoast SEO plugin. -->","yoast_head_json":{"title":"Parla con noi per migliorarci assieme - Unidav.it","description":"Parla con noi per crescere insiemeAiutaci a migliorare la qualit\u00e0 dei nostri servizi, compila il modulo online per sottoporre all\u2019attenzione dell\u2019Ateneo un reclamo, un suggerimento, un elogio.","robots":{"index":"index","follow":"follow","max-snippet":"max-snippet:-1","max-image-preview":"max-image-preview:large","max-video-preview":"max-video-preview:-1"},"canonical":"https:\/\/www.unidav.it\/index.php\/area-studenti-unidav\/aiuta-unidav-a-migliorare\/","og_locale":"it_IT","og_type":"article","og_title":"Parla con noi per crescere insiemeAiutaci a migliorare","og_description":"Parla con noi per crescere insiemeAiutaci a migliorare la qualit\u00e0 dei nostri servizi, compila il modulo online per sottoporre all\u2019attenzione dell\u2019Ateneo un reclamo, un suggerimento, un elogio.","og_url":"https:\/\/www.unidav.it\/index.php\/area-studenti-unidav\/aiuta-unidav-a-migliorare\/","og_site_name":"Unidav.it","article_publisher":"https:\/\/www.facebook.com\/unidav.it\/","article_modified_time":"2025-11-26T15:45:53+00:00","og_image":[{"width":500,"height":250,"url":"https:\/\/www.unidav.it\/wp-content\/uploads\/Logo-Universita\u0300-UNIDAV.png","type":"image\/png"}],"twitter_card":"summary_large_image","twitter_misc":{"Tempo di lettura stimato":"1 minuto"},"schema":{"@context":"https:\/\/schema.org","@graph":[{"@type":"WebPage","@id":"https:\/\/www.unidav.it\/index.php\/area-studenti-unidav\/aiuta-unidav-a-migliorare\/","url":"https:\/\/www.unidav.it\/index.php\/area-studenti-unidav\/aiuta-unidav-a-migliorare\/","name":"Parla con noi per migliorarci assieme - Unidav.it","isPartOf":{"@id":"https:\/\/www.unidav.it\/#website"},"primaryImageOfPage":{"@id":"https:\/\/www.unidav.it\/index.php\/area-studenti-unidav\/aiuta-unidav-a-migliorare\/#primaryimage"},"image":{"@id":"https:\/\/www.unidav.it\/index.php\/area-studenti-unidav\/aiuta-unidav-a-migliorare\/#primaryimage"},"thumbnailUrl":"https:\/\/www.unidav.it\/wp-content\/uploads\/Logo_Sfondo_FHD-Large.jpg","datePublished":"2025-07-07T08:55:19+00:00","dateModified":"2025-11-26T15:45:53+00:00","description":"Parla con noi per crescere insiemeAiutaci a migliorare la qualit\u00e0 dei nostri servizi, compila il modulo online per sottoporre all\u2019attenzione dell\u2019Ateneo un reclamo, un suggerimento, un elogio.","breadcrumb":{"@id":"https:\/\/www.unidav.it\/index.php\/area-studenti-unidav\/aiuta-unidav-a-migliorare\/#breadcrumb"},"inLanguage":"it-IT","potentialAction":[{"@type":"ReadAction","target":["https:\/\/www.unidav.it\/index.php\/area-studenti-unidav\/aiuta-unidav-a-migliorare\/"]}]},{"@type":"ImageObject","inLanguage":"it-IT","@id":"https:\/\/www.unidav.it\/index.php\/area-studenti-unidav\/aiuta-unidav-a-migliorare\/#primaryimage","url":"https:\/\/www.unidav.it\/wp-content\/uploads\/Logo_Sfondo_FHD-Large.jpg","contentUrl":"https:\/\/www.unidav.it\/wp-content\/uploads\/Logo_Sfondo_FHD-Large.jpg","width":1920,"height":1080},{"@type":"BreadcrumbList","@id":"https:\/\/www.unidav.it\/index.php\/area-studenti-unidav\/aiuta-unidav-a-migliorare\/#breadcrumb","itemListElement":[{"@type":"ListItem","position":1,"name":"Home","item":"https:\/\/www.unidav.it\/"},{"@type":"ListItem","position":2,"name":"Area Studenti","item":"https:\/\/www.unidav.it\/index.php\/area-studenti-unidav\/"},{"@type":"ListItem","position":3,"name":"Parla con noi per migliorarci assieme"}]},{"@type":"WebSite","@id":"https:\/\/www.unidav.it\/#website","url":"https:\/\/www.unidav.it\/","name":"Unidav.it","description":"Universit\u00e0 Digitale Leonardo da Vinci","potentialAction":[{"@type":"SearchAction","target":{"@type":"EntryPoint","urlTemplate":"https:\/\/www.unidav.it\/?s={search_term_string}"},"query-input":{"@type":"PropertyValueSpecification","valueRequired":true,"valueName":"search_term_string"}}],"inLanguage":"it-IT"}]}},"_links":{"self":[{"href":"https:\/\/www.unidav.it\/index.php\/wp-json\/wp\/v2\/pages\/29599","targetHints":{"allow":["GET"]}}],"collection":[{"href":"https:\/\/www.unidav.it\/index.php\/wp-json\/wp\/v2\/pages"}],"about":[{"href":"https:\/\/www.unidav.it\/index.php\/wp-json\/wp\/v2\/types\/page"}],"author":[{"embeddable":true,"href":"https:\/\/www.unidav.it\/index.php\/wp-json\/wp\/v2\/users\/9"}],"replies":[{"embeddable":true,"href":"https:\/\/www.unidav.it\/index.php\/wp-json\/wp\/v2\/comments?post=29599"}],"version-history":[{"count":0,"href":"https:\/\/www.unidav.it\/index.php\/wp-json\/wp\/v2\/pages\/29599\/revisions"}],"up":[{"embeddable":true,"href":"https:\/\/www.unidav.it\/index.php\/wp-json\/wp\/v2\/pages\/5411"}],"wp:featuredmedia":[{"embeddable":true,"href":"https:\/\/www.unidav.it\/index.php\/wp-json\/wp\/v2\/media\/14792"}],"wp:attachment":[{"href":"https:\/\/www.unidav.it\/index.php\/wp-json\/wp\/v2\/media?parent=29599"}],"wp:term":[{"taxonomy":"category","embeddable":true,"href":"https:\/\/www.unidav.it\/index.php\/wp-json\/wp\/v2\/categories?post=29599"},{"taxonomy":"post_tag","embeddable":true,"href":"https:\/\/www.unidav.it\/index.php\/wp-json\/wp\/v2\/tags?post=29599"}],"curies":[{"name":"wp","href":"https:\/\/api.w.org\/{rel}","templated":true}]}}