{"id":25308,"date":"2024-04-05T13:31:11","date_gmt":"2024-04-05T11:31:11","guid":{"rendered":"https:\/\/www.unidav.it\/?page_id=25308"},"modified":"2024-04-05T15:07:49","modified_gmt":"2024-04-05T13:07:49","slug":"af12-health-coaching","status":"publish","type":"page","link":"https:\/\/www.unidav.it\/index.php\/corsi-di-alta-formazione\/af12-health-coaching\/","title":{"rendered":"AF12 &#8211; HEALTH COACHING"},"content":{"rendered":"\n<p style=\"text-align: center;\"><span style=\"color: #000000; font-size: 18pt;\"><strong>CORSO DI ALTA FORMAZIONE<\/strong><\/span><\/p>\n<p style=\"text-align: center;\"><span style=\"color: #000000; font-size: 18pt;\"><strong>HEALTH COACHING <br><\/strong><\/span><\/p>\n<p style=\"text-align: center;\"><span style=\"color: #000000; font-size: 14pt;\">(istituito con D.R. n. 15 del 25.03.2024)<\/span><\/p>\n<p style=\"text-align: center;\"><span style=\"font-size: 14pt; color: #000000;\">COORDINATORE<\/span><\/p>\n<p style=\"text-align: center;\"><span style=\"color: #000000;\"><span style=\"font-size: 14pt;\"><strong>Prof. Gianmarco CIFALDI<\/strong><\/span><\/span><\/p>\n\n\n\n<table style=\"border-collapse: collapse; width: 100%; height: 201px;\">\n<tbody>\n<tr style=\"height: 20px;\">\n<td style=\"width: 21.3142%; background-color: #ffffff; border-color: #757575; text-align: left; height: 20px;\"><span style=\"font-size: 10pt; color: #000000;\">TIPOLOGIA<\/span><\/td>\n<td style=\"width: 78.6858%; background-color: #ffffff; border-color: #757575; text-align: left; height: 20px;\"><span style=\"color: #000000; font-size: 10pt;\">CORSO DI ALTA FORMAZIONE<\/span><\/td>\n<\/tr>\n<tr style=\"height: 20px;\">\n<td style=\"width: 21.3142%; background-color: #ffffff; border-color: #757575; text-align: left; height: 20px;\"><span style=\"font-size: 10pt; color: #000000;\">TITOLO<\/span><\/td>\n<td style=\"width: 78.6858%; background-color: #ffffff; border-color: #757575; text-align: left; height: 20px;\"><span style=\"color: #000000; font-size: 10pt;\">HEALTH COACHING <br \/><\/span><\/td>\n<\/tr>\n<tr style=\"height: 20px;\">\n<td style=\"width: 21.3142%; background-color: #ffffff; border-color: #757575; text-align: left; height: 20px;\"><span style=\"font-size: 10pt; color: #000000;\">DATA APPROVAZIONE<\/span><\/td>\n<td style=\"width: 78.6858%; background-color: #ffffff; border-color: #757575; text-align: left; height: 20px;\"><span style=\"font-size: 10pt; color: #000000;\">Istituito con D.R. n. 15 del 25.03.2024<\/span><\/td>\n<\/tr>\n<tr style=\"height: 20px;\">\n<td style=\"width: 21.3142%; background-color: #ffffff; border-color: #757575; text-align: left; height: 20px;\"><span style=\"font-size: 10pt; color: #000000;\">DURATA<\/span><\/td>\n<td style=\"width: 78.6858%; background-color: #ffffff; border-color: #757575; text-align: left; height: 20px;\"><span style=\"font-size: 10pt; color: #000000;\">60 CFU &#8211; 1500 ore\u00a0<\/span><\/td>\n<\/tr>\n<tr style=\"height: 20px;\">\n<td style=\"width: 21.3142%; background-color: #ffffff; border-color: #757575; text-align: left; height: 20px;\"><span style=\"font-size: 10pt; color: #000000;\">ANNO ACCADEMICO<\/span><\/td>\n<td style=\"width: 78.6858%; background-color: #ffffff; border-color: #757575; text-align: left; height: 20px;\"><span style=\"font-size: 10pt; color: #000000;\">A.A 2023 \/ 2024<\/span><\/td>\n<\/tr>\n<tr style=\"height: 20px;\">\n<td style=\"width: 21.3142%; background-color: #ffffff; border-color: #757575; text-align: left; height: 20px;\"><span style=\"font-size: 10pt; color: #000000;\">APERTURA ISCRIZIONI<\/span><\/td>\n<td style=\"width: 78.6858%; background-color: #ffffff; border-color: #757575; text-align: left; height: 20px;\"><span style=\"font-size: 10pt; color: #000000;\">dal 08 aprile 2024 al 24 aprile 2024<br \/><\/span><\/td>\n<\/tr>\n<tr style=\"height: 20px;\">\n<td style=\"width: 21.3142%; background-color: #ffffff; border-color: #757575; text-align: left; height: 20px;\"><span style=\"font-size: 10pt; color: #000000;\">EROGAZIONE<\/span><\/td>\n<td style=\"width: 78.6858%; background-color: #ffffff; border-color: #757575; text-align: left; height: 20px;\"><span style=\"font-size: 10pt; color: #000000;\">Online tramite piattaforma telematica<\/span><\/td>\n<\/tr>\n<tr style=\"height: 20px;\">\n<td style=\"width: 21.3142%; background-color: #ffffff; border-color: #757575; text-align: left; height: 20px;\"><span style=\"font-size: 10pt; color: #000000;\">COORDINATORE<\/span><\/td>\n<td style=\"width: 78.6858%; background-color: #ffffff; border-color: #757575; text-align: left; height: 20px;\"><span style=\"font-size: 10pt; color: #000000;\">Prof. Gianmarco CIFALDI<\/span><\/td>\n<\/tr>\n<tr style=\"height: 41px;\">\n<td style=\"width: 21.3142%; background-color: #ffffff; border-color: #757575; text-align: left; height: 41px;\"><span style=\"font-size: 10pt; color: #000000;\">QUOTA DI ISCRIZIONE<\/span><\/td>\n<td style=\"width: 78.6858%; background-color: #ffffff; border-color: #757575; height: 41px; text-align: justify;\">\n<p><span style=\"color: #000000;\">La quota di iscrizione \u00e8 di \u20ac 1.000,00, comprensiva di tutto, senza spese ulteriori, fatti salvi i bolli virtuali, ove richiesti. La quota pu\u00f2 essere saldata in un\u2019unica soluzione o in due rate:<br \/>\u2022 \u20ac 516,00 (cinquecentosedici\/00) all\u2019atto dell\u2019iscrizione, comprensiva di bollo virtuale;<br \/>\u2022 \u20ac 500,00 (cinquecento\/00) entro il 3 giugno 2024.<br \/><\/span><\/p>\n<\/td>\n<\/tr>\n<\/tbody>\n<\/table>\n\n\n<div class=\"lightweight-accordion bordered has-text-color has-background\"><details open><summary class=\"lightweight-accordion-title\" style=\"color:#ffffff;background:#800000;\"><span>u003cstrongu003eAREA DOWNLOADu003c\/strongu003e<\/span><\/summary><div class=\"lightweight-accordion-body\" style=\"border-color:#800000;\">\n\n<ul style=\"list-style-type: square;\">\n<li><a href=\"https:\/\/www.unidav.it\/wp-content\/uploads\/bando_AF12-Health-coaching-.pdf\"><strong>&#8211; Bando&nbsp; \u2013 PDF<\/strong><\/a><\/li>\n<\/ul>\n\n<\/div><\/details><\/div>\n\n<p style=\"text-align: justify;\"><span style=\"font-size: 14pt; color: #800000;\"><strong>DESCRIZIONE DEL CORSO<\/strong><\/span><\/p>\n<p><span style=\"color: #000000;\">Il Corso di Alta Formazione in \u201cHEALTH COACHING\u201d ha lo scopo di formare figure esperte nei settori della salute, della comunicazione interpersonale, della comunicazione di gruppo come il parlare in pubblico, del life coaching e business coaching. Il Corso nasce in considerazione del fatto che l&#8217;applicazione del Coaching senza considerare il fattore Salute, pu\u00f2 portare solo a risultati parziali. Il connubio Coaching con la parte Health, attraverso l&#8217;integrazione delle 5A, mette l\u2019utente nelle condizioni di prendere in carico s\u00e9 stesso integralmente, dandogli la garanzia di raggiungere risultati certi sul lungo periodo. Il percorso da reali strumenti al fine di imparare a riconoscere profondamente se stessi, avendo ben chiaro i propri scopi nei diversi ruoli della vita, accrescendo le capacit\u00e0 di:<br \/>\u2022 ristrutturare i momenti di crisi in opportunit\u00e0 e i problemi in occasione di crescita;<br \/>\u2022 gestire le difficolt\u00e0 e gli ostacoli con un atteggiamento proattivo e non pi\u00f9 passivo;<br \/>\u2022 essere generatore di salute e influenzare positivamente chi ti circonda.<br \/><\/span><\/p>\n<p><span style=\"font-size: 14pt; color: #800000;\"><strong>DESTINATARI\u00a0<\/strong><\/span><\/p>\n<p style=\"text-align: justify;\"><span style=\"color: #000000;\">IIl Corso di Alta Formazione in \u201cHEALTH COACHING\u201d si rivolge a tutte le figure professionali appartenenti a organizzazioni complesse come quelle operanti nel mondo della salute, del benessere, dello sport e dell\u2019insegnamento, offrendo stimoli utili a far sviluppare le risorse individuali per trasformare gli obiettivi in risultati, sia in termini personali sia professionali. E\u2019 in particolar modo dedicato agli operatori che intendono utilizzare le competenze e le tecniche di health coaching per arricchire e potenziare le loro prestazioni, attraverso uno strumento che migliori la qualit\u00e0 della vita degli utenti\/clienti\/pazienti. Intende approfondire le capacit\u00e0 specifiche dell\u2019operatore e allo stesso tempo incrementare le sue abilit\u00e0 relazionali al fine di gestire in modo consapevole e responsabile il benessere dei propri assistiti. Prevede inoltre l\u2019approfondimento delle abilit\u00e0 comunicative utili ad affrontare e gestire in modo pi\u00f9 efficace le indicazioni per mantenere o correggere corretti stili di vita e affrontare eventi specifici di salute, come diagnosi difficili che comportano importanti e impegnativi percorsi di salute.<\/span><\/p>\n<p style=\"text-align: justify;\">\n\n\n<p>&nbsp;<\/p>\n<p style=\"text-align: center;\"><a href=\"https:\/\/www.unidav.it\/wp-content\/uploads\/bando_AF12-Health-coaching-.pdf\"><strong><span style=\"font-size: 14pt;\">TUTTE LE INFORMAZIONI SONO DISPONIBILI SUL BANDO COMPLETO SCARICABILE QUI<\/span><\/strong><\/a><\/p>\n<p>&nbsp;<\/p>\n\n\n<a href=\"https:\/\/www.unidav.it\/wp-content\/uploads\/bando_AF12-Health-coaching-.pdf\" class=\"pdfemb-viewer\" style=\"\" data-width=\"max\" data-height=\"max\" data-toolbar=\"bottom\" data-toolbar-fixed=\"off\">bando_AF12-Health-coaching-<\/a>\n\n\n\n<p>&nbsp;<\/p>\n<p>&nbsp;<\/p>\n<p><span style=\"font-size: 14pt; color: #800000;\"><strong>RIFERIMENTI<\/strong><\/span><\/p>\n<p><span style=\"color: #000000;\">Coordinatore del Corso: Prof. Gianmarco CIFALDI<\/span><\/p>\n<p><strong><span style=\"color: #000000;\">Assistenza organizzativa\/didattica<\/span> <\/strong><\/p>\n<ul>\n<li><span style=\"color: #000000;\">Segreteria Master UNIDAV: tel. 0871\/361658 dal luned\u00ec al venerd\u00ec, dalle 09.00 alle 13.00 o all\u2019indirizzo<\/span> <a href=\"mailto:master@unidav.it\">master@unidav.it<\/a><\/li>\n<\/ul>\n<p>&nbsp;<\/p>\n<p><span style=\"color: #000000;\"><strong>Informazioni iscrizione\/pagamenti<\/strong><\/span><\/p>\n<ul>\n<li><span style=\"color: #000000;\">Segreteria Studenti UNIDAV: tel. 0871\/361658 dal luned\u00ec al venerd\u00ec, dalle 9.00 alle 13.30 e dalle 14.30 alle 18.00, o<\/span> <a href=\"mailto:segreteria@unidav.it\">segreteria@unidav.it<\/a><\/li>\n<\/ul>\n\n\n\n<p>\u00a0<\/p>\n<h5 class=\"fittexted_for_content_h5\"><span style=\"color: #000000; font-size: 14pt;\"><strong>Per maggiori informazioni o per chiarimenti, compila senza impegno il modulo, sarai ricontattato al pi\u00f9 presto<\/strong><\/span><\/h5>\n<p><span style=\"color: initial;\">I campi contrassegnati con <\/span><span class=\"ninja-forms-req-symbol\" style=\"color: initial;\">*<\/span><span style=\"color: initial;\">\u00a0sono obbligatori.<\/span><\/p>\n<p>\u00a0<\/p>\n<div style=\"display:none\" class=\"fm-form-container fm-theme9\"><div id=\"fm-pages8\" class=\"fm-pages wdform_page_navigation \" show_title=\"\" show_numbers=\"1\" type=\"none\"><\/div><form name=\"form8\" action=\"\/index.php\/wp-json\/wp\/v2\/pages\/25308\" method=\"post\" id=\"form8\" class=\"fm-form form8  \" enctype=\"multipart\/form-data\"><input type=\"hidden\" id=\"fm_page_id8\" value=\"25308\" name=\"fm_page_id8\" \/><input type=\"hidden\" id=\"fm_current_post_type8\" value=\"page\" name=\"fm_current_post_type8\" \/><input type=\"hidden\" id=\"counter8\" value=\"7\" name=\"counter8\" \/><input type=\"hidden\" id=\"Itemid8\" value=\"\" name=\"Itemid8\" \/><input type=\"hidden\" id=\"fm_shake8\" value=\"1\" name=\"fm_shake8\" \/><input type=\"text\" class=\"fm-hide\" id=\"fm_empty_field_validation8\" value=\"\" name=\"fm_empty_field_validation8\" data-value=\"bd736efb144d599cf463541431fbf5c4\" \/><div class=\"wdform-page-and-images fm-form-builder\"><div id=\"8form_view1\" class=\"wdform_page\" page_title=\"Untitled page\" next_title=\"Next\" next_type=\"text\" next_class=\"wdform-page-button\" next_checkable=\"true\" previous_title=\"Previous\" previous_type=\"text\" previous_class=\"wdform-page-button\" previous_checkable=\"false\"><div class=\"wdform_section\"><div class=\"wdform_column\"><div wdid=\"2\" class=\"wdform_row\"><div type=\"type_text\" class=\"wdform-field wd-width-100 wd-flex wd-flex-column fm-type_text\" ><div class=\"wdform-label-section wd-width-100  wd-flex-row wd-align-items-center\">    <label  for=\"wdform_2_element8\" class=\"wdform-label\">Nominativo<\/label><span class=\"wdform-required\">*<\/span><\/div><div class=\"wdform-element-section wd-flex  wd-flex-row wd-align-items-center wd-width-100\" ><input type=\"text\"                           class=\"wd-width-100\"                           id=\"wdform_2_element8\"                           name=\"wdform_2_element8\"                           value=\"\"                           data-value=\"\"                           title=\"\"                           placeholder=\"\"                                                       \/><\/div><\/div><\/div><\/div><div class=\"wdform_column\"><div wdid=\"6\" class=\"wdform_row\" style=\"position: relative; left: 0px; top: 0px;\"><div type=\"type_submitter_mail\" class=\"wdform-field wd-width-100 wd-flex wd-flex-column fm-type_submitter_mail\" ><div class=\"wdform-label-section wd-width-100  wd-flex-row\">    <label  for=\"wdform_6_element8\" class=\"wdform-label\">Email<\/label><span class=\"wdform-required\">*<\/span><\/div><div class=\"wdform-element-section wd-flex  wd-flex-row wd-width-100\" ><input type=\"text\" class=\"wd-width-100\" id=\"wdform_6_element8\" name=\"wdform_6_element8\" data-value=\"\" value=\"\" title=\"\" placeholder=\"\"   onchange=\"wd_check_email('6', '8', 'Questo non \u00e8 un indirizzo email valido.')\" \/><\/div><\/div><\/div><div wdid=\"4\" class=\"wdform_row\" style=\"position: relative; left: 0px; top: 0px;\"><div type=\"type_text\" class=\"wdform-field wd-width-100 wd-flex wd-flex-column fm-type_text\" ><div class=\"wdform-label-section wd-width-100  wd-flex-row wd-align-items-center\">    <label  for=\"wdform_4_element8\" class=\"wdform-label\">Cellulare<\/label><span class=\"wdform-required\">*<\/span><\/div><div class=\"wdform-element-section wd-flex  wd-flex-row wd-align-items-center wd-width-100\" ><input type=\"text\"                           class=\"wd-width-100\"                           id=\"wdform_4_element8\"                           name=\"wdform_4_element8\"                           value=\"\"                           data-value=\"\"                           title=\"\"                           placeholder=\"\"                                                       \/><\/div><\/div><\/div><\/div><div class=\"wdform_column\"><div wdid=\"5\" class=\"wdform_row\"><div type=\"type_textarea\" class=\"wdform-field wd-width-100 wd-flex wd-flex-column fm-type_textarea\" ><div class=\"wdform-label-section wd-width-100 \">    <label  for=\"wdform_5_element8\" class=\"wdform-label\">Dicci tutto!<\/label><span class=\"wdform-required\">*<\/span><\/div><div class=\"wdform-element-section wd-flex  wd-width-100\" ><textarea class=\"wd-width-100\"                      id=\"wdform_5_element8\"                      name=\"wdform_5_element8\"                      placeholder=\"\"                      data-value=\"\"                      maxlength=\"\"                      style=\"height: 100px;\"                      ><\/textarea><\/div><\/div><\/div><\/div><div class=\"wdform_column\"><div wdid=\"1\" class=\"wdform_row\"><div type=\"type_gdpr_compliance_checkbox\" class=\"wdform-field wd-width-100 wd-flex wd-flex-column fm-type_gdpr_compliance_checkbox\" ><div class=\"wdform-element-section wd-flex  wd-flex-row wd-justify-content-left wd-width-100\" ><label for=\"fm_privacy_policy8\" class=\"wdform-label\">                                       <input id=\"fm_privacy_policy8\" name=\"fm_privacy_policy8\" class=\"wd-flex-row fm-gdpr-checkbox\" onclick=\"fm_privacy_policy_check(this)\" type=\"checkbox\" value=\"1\">Acconsento - Ai sensi dell'art. 13 del Regolamento Europeo 2016\/679 in materia di protezione dei dati personali, la informiamo che UNIDAV, titolare del trattamento, tratter\u00e0 tutti i dati da lei inseriti con modalit\u00e0 manuali, informatiche e telematiche, per finalit\u00e0 connesse e strumentali all'esecuzione di quanto da lei richiestoci. L\u2019Informativa completa \u00e8 disponibile sul sito dell'Ateneo  <a href=\"https:\/\/www.unidav.it\/index.php\/privacy-policy\/\" target=\"_blank\">Privacy Policy<\/a> .<\/label><\/div><\/div><div type=\"type_submit_reset\" class=\"wdform-field wd-width-100 wd-flex wd-flex-column fm-type_submit_reset\" ><div class=\"wdform-element-section wd-flex  wd-flex-row wd-justify-content-left wd-width-100\" ><button disabled=\"disabled\" type=\"button\" class=\"button-submit\" onclick=\"fm_submit_form('8');\"  data-ajax=\"0\"><span class=\"fm-submit-loading spinner fm-ico-spinner\"><\/span>INVIA<\/button><button  type=\"button\" class=\"button-reset wd-hidden\" onclick=\"fm_reset_form(8);\" >Reset<\/button><\/div><\/div><\/div><\/div><\/div><div valign=\"top\" class=\"wdform_footer wd-width-100\"><div class=\"wd-width-100\"><div class=\"wd-width-100 wd-table\" style=\"padding-top:10px;\"><div class=\"wd-table-group\"><div id=\"8page_nav1\" class=\"wd-table-row\"><\/div><\/div><\/div><\/div><\/div><\/div><\/div><div class=\"wdform_preload\"><\/div><input type=\"hidden\" name=\"fm-current-page\" value=\"https:\/\/www.unidav.it\/index.php\/wp-json\/wp\/v2\/pages\/25308\" \/><\/form><\/div>\n","protected":false},"excerpt":{"rendered":"<p>CORSO DI ALTA FORMAZIONE HEALTH COACHING (istituito con D.R. n. 15 del 25.03.2024) COORDINATORE Prof. Gianmarco CIFALDI TIPOLOGIA CORSO DI [&hellip;]<\/p>\n","protected":false},"author":9,"featured_media":0,"parent":19296,"menu_order":0,"comment_status":"closed","ping_status":"closed","template":"","meta":{"footnotes":"","_links_to":"","_links_to_target":""},"categories":[173],"tags":[],"class_list":["post-25308","page","type-page","status-publish","hentry","category-corsi-di-alta-formazione"],"yoast_head":"<!-- This site is optimized with the Yoast SEO plugin v26.7 - https:\/\/yoast.com\/wordpress\/plugins\/seo\/ -->\r\n<title>AF12 - HEALTH COACHING - Unidav.it<\/title>\r\n<meta name=\"robots\" content=\"index, follow, max-snippet:-1, max-image-preview:large, max-video-preview:-1\" \/>\r\n<link rel=\"canonical\" href=\"https:\/\/www.unidav.it\/index.php\/corsi-di-alta-formazione\/af12-health-coaching\/\" \/>\r\n<meta property=\"og:locale\" content=\"it_IT\" \/>\r\n<meta property=\"og:type\" content=\"article\" \/>\r\n<meta property=\"og:title\" content=\"AF12 - HEALTH COACHING - Unidav.it\" \/>\r\n<meta property=\"og:description\" content=\"CORSO DI ALTA FORMAZIONE HEALTH COACHING (istituito con D.R. n. 15 del 25.03.2024) COORDINATORE Prof. Gianmarco CIFALDI TIPOLOGIA CORSO DI [&hellip;]\" \/>\r\n<meta property=\"og:url\" content=\"https:\/\/www.unidav.it\/index.php\/corsi-di-alta-formazione\/af12-health-coaching\/\" \/>\r\n<meta property=\"og:site_name\" content=\"Unidav.it\" \/>\r\n<meta property=\"article:publisher\" content=\"https:\/\/www.facebook.com\/unidav.it\/\" \/>\r\n<meta property=\"article:modified_time\" content=\"2024-04-05T13:07:49+00:00\" \/>\r\n<meta name=\"twitter:card\" content=\"summary_large_image\" \/>\r\n<meta name=\"twitter:label1\" content=\"Tempo di lettura stimato\" \/>\n\t<meta name=\"twitter:data1\" content=\"3 minuti\" \/>\r\n<script type=\"application\/ld+json\" class=\"yoast-schema-graph\">{\"@context\":\"https:\/\/schema.org\",\"@graph\":[{\"@type\":\"WebPage\",\"@id\":\"https:\/\/www.unidav.it\/index.php\/corsi-di-alta-formazione\/af12-health-coaching\/\",\"url\":\"https:\/\/www.unidav.it\/index.php\/corsi-di-alta-formazione\/af12-health-coaching\/\",\"name\":\"AF12 - HEALTH COACHING - Unidav.it\",\"isPartOf\":{\"@id\":\"https:\/\/www.unidav.it\/#website\"},\"datePublished\":\"2024-04-05T11:31:11+00:00\",\"dateModified\":\"2024-04-05T13:07:49+00:00\",\"breadcrumb\":{\"@id\":\"https:\/\/www.unidav.it\/index.php\/corsi-di-alta-formazione\/af12-health-coaching\/#breadcrumb\"},\"inLanguage\":\"it-IT\",\"potentialAction\":[{\"@type\":\"ReadAction\",\"target\":[\"https:\/\/www.unidav.it\/index.php\/corsi-di-alta-formazione\/af12-health-coaching\/\"]}]},{\"@type\":\"BreadcrumbList\",\"@id\":\"https:\/\/www.unidav.it\/index.php\/corsi-di-alta-formazione\/af12-health-coaching\/#breadcrumb\",\"itemListElement\":[{\"@type\":\"ListItem\",\"position\":1,\"name\":\"Home\",\"item\":\"https:\/\/www.unidav.it\/\"},{\"@type\":\"ListItem\",\"position\":2,\"name\":\"Corsi di Alta Formazione\",\"item\":\"https:\/\/www.unidav.it\/index.php\/corsi-di-alta-formazione\/\"},{\"@type\":\"ListItem\",\"position\":3,\"name\":\"AF12 &#8211; HEALTH COACHING\"}]},{\"@type\":\"WebSite\",\"@id\":\"https:\/\/www.unidav.it\/#website\",\"url\":\"https:\/\/www.unidav.it\/\",\"name\":\"Unidav.it\",\"description\":\"Universit\u00e0 Digitale Leonardo da Vinci\",\"potentialAction\":[{\"@type\":\"SearchAction\",\"target\":{\"@type\":\"EntryPoint\",\"urlTemplate\":\"https:\/\/www.unidav.it\/?s={search_term_string}\"},\"query-input\":{\"@type\":\"PropertyValueSpecification\",\"valueRequired\":true,\"valueName\":\"search_term_string\"}}],\"inLanguage\":\"it-IT\"}]}<\/script>\r\n<!-- \/ Yoast SEO plugin. -->","yoast_head_json":{"title":"AF12 - HEALTH COACHING - Unidav.it","robots":{"index":"index","follow":"follow","max-snippet":"max-snippet:-1","max-image-preview":"max-image-preview:large","max-video-preview":"max-video-preview:-1"},"canonical":"https:\/\/www.unidav.it\/index.php\/corsi-di-alta-formazione\/af12-health-coaching\/","og_locale":"it_IT","og_type":"article","og_title":"AF12 - HEALTH COACHING - Unidav.it","og_description":"CORSO DI ALTA FORMAZIONE HEALTH COACHING (istituito con D.R. n. 15 del 25.03.2024) COORDINATORE Prof. Gianmarco CIFALDI TIPOLOGIA CORSO DI [&hellip;]","og_url":"https:\/\/www.unidav.it\/index.php\/corsi-di-alta-formazione\/af12-health-coaching\/","og_site_name":"Unidav.it","article_publisher":"https:\/\/www.facebook.com\/unidav.it\/","article_modified_time":"2024-04-05T13:07:49+00:00","twitter_card":"summary_large_image","twitter_misc":{"Tempo di lettura stimato":"3 minuti"},"schema":{"@context":"https:\/\/schema.org","@graph":[{"@type":"WebPage","@id":"https:\/\/www.unidav.it\/index.php\/corsi-di-alta-formazione\/af12-health-coaching\/","url":"https:\/\/www.unidav.it\/index.php\/corsi-di-alta-formazione\/af12-health-coaching\/","name":"AF12 - HEALTH COACHING - Unidav.it","isPartOf":{"@id":"https:\/\/www.unidav.it\/#website"},"datePublished":"2024-04-05T11:31:11+00:00","dateModified":"2024-04-05T13:07:49+00:00","breadcrumb":{"@id":"https:\/\/www.unidav.it\/index.php\/corsi-di-alta-formazione\/af12-health-coaching\/#breadcrumb"},"inLanguage":"it-IT","potentialAction":[{"@type":"ReadAction","target":["https:\/\/www.unidav.it\/index.php\/corsi-di-alta-formazione\/af12-health-coaching\/"]}]},{"@type":"BreadcrumbList","@id":"https:\/\/www.unidav.it\/index.php\/corsi-di-alta-formazione\/af12-health-coaching\/#breadcrumb","itemListElement":[{"@type":"ListItem","position":1,"name":"Home","item":"https:\/\/www.unidav.it\/"},{"@type":"ListItem","position":2,"name":"Corsi di Alta Formazione","item":"https:\/\/www.unidav.it\/index.php\/corsi-di-alta-formazione\/"},{"@type":"ListItem","position":3,"name":"AF12 &#8211; HEALTH COACHING"}]},{"@type":"WebSite","@id":"https:\/\/www.unidav.it\/#website","url":"https:\/\/www.unidav.it\/","name":"Unidav.it","description":"Universit\u00e0 Digitale Leonardo da Vinci","potentialAction":[{"@type":"SearchAction","target":{"@type":"EntryPoint","urlTemplate":"https:\/\/www.unidav.it\/?s={search_term_string}"},"query-input":{"@type":"PropertyValueSpecification","valueRequired":true,"valueName":"search_term_string"}}],"inLanguage":"it-IT"}]}},"_links":{"self":[{"href":"https:\/\/www.unidav.it\/index.php\/wp-json\/wp\/v2\/pages\/25308","targetHints":{"allow":["GET"]}}],"collection":[{"href":"https:\/\/www.unidav.it\/index.php\/wp-json\/wp\/v2\/pages"}],"about":[{"href":"https:\/\/www.unidav.it\/index.php\/wp-json\/wp\/v2\/types\/page"}],"author":[{"embeddable":true,"href":"https:\/\/www.unidav.it\/index.php\/wp-json\/wp\/v2\/users\/9"}],"replies":[{"embeddable":true,"href":"https:\/\/www.unidav.it\/index.php\/wp-json\/wp\/v2\/comments?post=25308"}],"version-history":[{"count":0,"href":"https:\/\/www.unidav.it\/index.php\/wp-json\/wp\/v2\/pages\/25308\/revisions"}],"up":[{"embeddable":true,"href":"https:\/\/www.unidav.it\/index.php\/wp-json\/wp\/v2\/pages\/19296"}],"wp:attachment":[{"href":"https:\/\/www.unidav.it\/index.php\/wp-json\/wp\/v2\/media?parent=25308"}],"wp:term":[{"taxonomy":"category","embeddable":true,"href":"https:\/\/www.unidav.it\/index.php\/wp-json\/wp\/v2\/categories?post=25308"},{"taxonomy":"post_tag","embeddable":true,"href":"https:\/\/www.unidav.it\/index.php\/wp-json\/wp\/v2\/tags?post=25308"}],"curies":[{"name":"wp","href":"https:\/\/api.w.org\/{rel}","templated":true}]}}