{"id":23536,"date":"2024-01-12T12:54:44","date_gmt":"2024-01-12T11:54:44","guid":{"rendered":"https:\/\/www.unidav.it\/?page_id=23536"},"modified":"2024-01-12T14:18:58","modified_gmt":"2024-01-12T13:18:58","slug":"riserva-naturale-del-borsacchio","status":"publish","type":"page","link":"https:\/\/www.unidav.it\/index.php\/riserva-naturale-del-borsacchio\/","title":{"rendered":"Riserva Naturale del Borsacchio"},"content":{"rendered":"","protected":false},"excerpt":{"rendered":"","protected":false},"author":9,"featured_media":0,"parent":0,"menu_order":0,"comment_status":"closed","ping_status":"closed","template":"","meta":{"footnotes":"","_links_to":"","_links_to_target":""},"categories":[114,117,146,176],"tags":[],"class_list":["post-23536","page","type-page","status-publish","hentry","category-ateneo","category-news","category-news-sito","category-rassegna-stampa"],"yoast_head":"<!-- This site is optimized with the Yoast SEO plugin v26.7 - https:\/\/yoast.com\/wordpress\/plugins\/seo\/ -->\r\n<title>Riserva Naturale del Borsacchio - Unidav.it<\/title>\r\n<meta name=\"description\" content=\"Il documento qui allegato \u00e8 promosso da un comitato di giuristi sul caso della Riserva Naturale del Borsacchio (Abruzzo), il cui perimetro, come \u00e8 noto, \u00e8 stato drasticamente ridotto da oltre 1100 ettari a 24,7 ettari con un sicuramente discutibile emendamento (notturno) alla legge finanziaria della Regione Abruzzo, al di fuori delle procedure di garanzia e di tutela che le fonti giuridiche superiori, interne e sovranazionali, prevedono per ogni intervento sulle Aree Naturali Protette\" \/>\r\n<meta name=\"robots\" content=\"index, follow, max-snippet:-1, max-image-preview:large, max-video-preview:-1\" \/>\r\n<link rel=\"canonical\" href=\"https:\/\/www.unidav.it\/index.php\/riserva-naturale-del-borsacchio\/\" \/>\r\n<meta property=\"og:locale\" content=\"it_IT\" \/>\r\n<meta property=\"og:type\" content=\"article\" \/>\r\n<meta property=\"og:title\" content=\"Riserva Naturale del Borsacchio - Unidav.it\" \/>\r\n<meta property=\"og:description\" content=\"Il documento qui allegato \u00e8 promosso da un comitato di giuristi sul caso della Riserva Naturale del Borsacchio (Abruzzo), il cui perimetro, come \u00e8 noto, \u00e8 stato drasticamente ridotto da oltre 1100 ettari a 24,7 ettari con un sicuramente discutibile emendamento (notturno) alla legge finanziaria della Regione Abruzzo, al di fuori delle procedure di garanzia e di tutela che le fonti giuridiche superiori, interne e sovranazionali, prevedono per ogni intervento sulle Aree Naturali Protette\" \/>\r\n<meta property=\"og:url\" content=\"https:\/\/www.unidav.it\/index.php\/riserva-naturale-del-borsacchio\/\" \/>\r\n<meta property=\"og:site_name\" content=\"Unidav.it\" \/>\r\n<meta property=\"article:publisher\" content=\"https:\/\/www.facebook.com\/unidav.it\/\" \/>\r\n<meta property=\"article:modified_time\" content=\"2024-01-12T13:18:58+00:00\" \/>\r\n<meta name=\"twitter:card\" content=\"summary_large_image\" \/>\r\n<meta name=\"twitter:label1\" content=\"Tempo di lettura stimato\" \/>\n\t<meta name=\"twitter:data1\" content=\"2 minuti\" \/>\r\n<script type=\"application\/ld+json\" class=\"yoast-schema-graph\">{\"@context\":\"https:\/\/schema.org\",\"@graph\":[{\"@type\":\"WebPage\",\"@id\":\"https:\/\/www.unidav.it\/index.php\/riserva-naturale-del-borsacchio\/\",\"url\":\"https:\/\/www.unidav.it\/index.php\/riserva-naturale-del-borsacchio\/\",\"name\":\"Riserva Naturale del Borsacchio - Unidav.it\",\"isPartOf\":{\"@id\":\"https:\/\/www.unidav.it\/#website\"},\"datePublished\":\"2024-01-12T11:54:44+00:00\",\"dateModified\":\"2024-01-12T13:18:58+00:00\",\"description\":\"Il documento qui allegato \u00e8 promosso da un comitato di giuristi sul caso della Riserva Naturale del Borsacchio (Abruzzo), il cui perimetro, come \u00e8 noto, \u00e8 stato drasticamente ridotto da oltre 1100 ettari a 24,7 ettari con un sicuramente discutibile emendamento (notturno) alla legge finanziaria della Regione Abruzzo, al di fuori delle procedure di garanzia e di tutela che le fonti giuridiche superiori, interne e sovranazionali, prevedono per ogni intervento sulle Aree Naturali Protette\",\"breadcrumb\":{\"@id\":\"https:\/\/www.unidav.it\/index.php\/riserva-naturale-del-borsacchio\/#breadcrumb\"},\"inLanguage\":\"it-IT\",\"potentialAction\":[{\"@type\":\"ReadAction\",\"target\":[\"https:\/\/www.unidav.it\/index.php\/riserva-naturale-del-borsacchio\/\"]}]},{\"@type\":\"BreadcrumbList\",\"@id\":\"https:\/\/www.unidav.it\/index.php\/riserva-naturale-del-borsacchio\/#breadcrumb\",\"itemListElement\":[{\"@type\":\"ListItem\",\"position\":1,\"name\":\"Home\",\"item\":\"https:\/\/www.unidav.it\/\"},{\"@type\":\"ListItem\",\"position\":2,\"name\":\"Riserva Naturale del Borsacchio\"}]},{\"@type\":\"WebSite\",\"@id\":\"https:\/\/www.unidav.it\/#website\",\"url\":\"https:\/\/www.unidav.it\/\",\"name\":\"Unidav.it\",\"description\":\"Universit\u00e0 Digitale Leonardo da Vinci\",\"potentialAction\":[{\"@type\":\"SearchAction\",\"target\":{\"@type\":\"EntryPoint\",\"urlTemplate\":\"https:\/\/www.unidav.it\/?s={search_term_string}\"},\"query-input\":{\"@type\":\"PropertyValueSpecification\",\"valueRequired\":true,\"valueName\":\"search_term_string\"}}],\"inLanguage\":\"it-IT\"}]}<\/script>\r\n<!-- \/ Yoast SEO plugin. -->","yoast_head_json":{"title":"Riserva Naturale del Borsacchio - Unidav.it","description":"Il documento qui allegato \u00e8 promosso da un comitato di giuristi sul caso della Riserva Naturale del Borsacchio (Abruzzo), il cui perimetro, come \u00e8 noto, \u00e8 stato drasticamente ridotto da oltre 1100 ettari a 24,7 ettari con un sicuramente discutibile emendamento (notturno) alla legge finanziaria della Regione Abruzzo, al di fuori delle procedure di garanzia e di tutela che le fonti giuridiche superiori, interne e sovranazionali, prevedono per ogni intervento sulle Aree Naturali Protette","robots":{"index":"index","follow":"follow","max-snippet":"max-snippet:-1","max-image-preview":"max-image-preview:large","max-video-preview":"max-video-preview:-1"},"canonical":"https:\/\/www.unidav.it\/index.php\/riserva-naturale-del-borsacchio\/","og_locale":"it_IT","og_type":"article","og_title":"Riserva Naturale del Borsacchio - Unidav.it","og_description":"Il documento qui allegato \u00e8 promosso da un comitato di giuristi sul caso della Riserva Naturale del Borsacchio (Abruzzo), il cui perimetro, come \u00e8 noto, \u00e8 stato drasticamente ridotto da oltre 1100 ettari a 24,7 ettari con un sicuramente discutibile emendamento (notturno) alla legge finanziaria della Regione Abruzzo, al di fuori delle procedure di garanzia e di tutela che le fonti giuridiche superiori, interne e sovranazionali, prevedono per ogni intervento sulle Aree Naturali Protette","og_url":"https:\/\/www.unidav.it\/index.php\/riserva-naturale-del-borsacchio\/","og_site_name":"Unidav.it","article_publisher":"https:\/\/www.facebook.com\/unidav.it\/","article_modified_time":"2024-01-12T13:18:58+00:00","twitter_card":"summary_large_image","twitter_misc":{"Tempo di lettura stimato":"2 minuti"},"schema":{"@context":"https:\/\/schema.org","@graph":[{"@type":"WebPage","@id":"https:\/\/www.unidav.it\/index.php\/riserva-naturale-del-borsacchio\/","url":"https:\/\/www.unidav.it\/index.php\/riserva-naturale-del-borsacchio\/","name":"Riserva Naturale del Borsacchio - Unidav.it","isPartOf":{"@id":"https:\/\/www.unidav.it\/#website"},"datePublished":"2024-01-12T11:54:44+00:00","dateModified":"2024-01-12T13:18:58+00:00","description":"Il documento qui allegato \u00e8 promosso da un comitato di giuristi sul caso della Riserva Naturale del Borsacchio (Abruzzo), il cui perimetro, come \u00e8 noto, \u00e8 stato drasticamente ridotto da oltre 1100 ettari a 24,7 ettari con un sicuramente discutibile emendamento (notturno) alla legge finanziaria della Regione Abruzzo, al di fuori delle procedure di garanzia e di tutela che le fonti giuridiche superiori, interne e sovranazionali, prevedono per ogni intervento sulle Aree Naturali Protette","breadcrumb":{"@id":"https:\/\/www.unidav.it\/index.php\/riserva-naturale-del-borsacchio\/#breadcrumb"},"inLanguage":"it-IT","potentialAction":[{"@type":"ReadAction","target":["https:\/\/www.unidav.it\/index.php\/riserva-naturale-del-borsacchio\/"]}]},{"@type":"BreadcrumbList","@id":"https:\/\/www.unidav.it\/index.php\/riserva-naturale-del-borsacchio\/#breadcrumb","itemListElement":[{"@type":"ListItem","position":1,"name":"Home","item":"https:\/\/www.unidav.it\/"},{"@type":"ListItem","position":2,"name":"Riserva Naturale del Borsacchio"}]},{"@type":"WebSite","@id":"https:\/\/www.unidav.it\/#website","url":"https:\/\/www.unidav.it\/","name":"Unidav.it","description":"Universit\u00e0 Digitale Leonardo da Vinci","potentialAction":[{"@type":"SearchAction","target":{"@type":"EntryPoint","urlTemplate":"https:\/\/www.unidav.it\/?s={search_term_string}"},"query-input":{"@type":"PropertyValueSpecification","valueRequired":true,"valueName":"search_term_string"}}],"inLanguage":"it-IT"}]}},"_links":{"self":[{"href":"https:\/\/www.unidav.it\/index.php\/wp-json\/wp\/v2\/pages\/23536","targetHints":{"allow":["GET"]}}],"collection":[{"href":"https:\/\/www.unidav.it\/index.php\/wp-json\/wp\/v2\/pages"}],"about":[{"href":"https:\/\/www.unidav.it\/index.php\/wp-json\/wp\/v2\/types\/page"}],"author":[{"embeddable":true,"href":"https:\/\/www.unidav.it\/index.php\/wp-json\/wp\/v2\/users\/9"}],"replies":[{"embeddable":true,"href":"https:\/\/www.unidav.it\/index.php\/wp-json\/wp\/v2\/comments?post=23536"}],"version-history":[{"count":0,"href":"https:\/\/www.unidav.it\/index.php\/wp-json\/wp\/v2\/pages\/23536\/revisions"}],"wp:attachment":[{"href":"https:\/\/www.unidav.it\/index.php\/wp-json\/wp\/v2\/media?parent=23536"}],"wp:term":[{"taxonomy":"category","embeddable":true,"href":"https:\/\/www.unidav.it\/index.php\/wp-json\/wp\/v2\/categories?post=23536"},{"taxonomy":"post_tag","embeddable":true,"href":"https:\/\/www.unidav.it\/index.php\/wp-json\/wp\/v2\/tags?post=23536"}],"curies":[{"name":"wp","href":"https:\/\/api.w.org\/{rel}","templated":true}]}}