{"id":21590,"date":"2023-04-17T14:44:25","date_gmt":"2023-04-17T12:44:25","guid":{"rendered":"https:\/\/www.unidav.it\/?page_id=21590"},"modified":"2024-06-27T10:19:16","modified_gmt":"2024-06-27T08:19:16","slug":"dipartimento","status":"publish","type":"page","link":"https:\/\/www.unidav.it\/index.php\/dipartimento\/","title":{"rendered":"Dipartimento"},"content":{"rendered":"\n<p><span style=\"color: #800000; font-size: 24pt;\"><strong>Dipartimento di Scienze Umane, Giuridiche e dell\u2019Economia<\/strong><\/span><\/p>\n<p>&nbsp;<\/p>\n\n\n\n<p><span style=\"font-size: 18pt; color: #800000;\"><strong>MISSION<\/strong><\/span><\/p>\n<p style=\"text-align: justify;\"><span style=\"color: #000000;\">L\u2019Ateneo ha come obiettivo quello di promuovere un progetto culturale di tipo \u201ctrasversale\u201d e multidisciplinare, con la finalit\u00e0 di valorizzare al meglio le aree di ricerca di tutti i docenti che vi afferiscono.<\/span><\/p>\n<p style=\"text-align: justify;\"><span style=\"color: #000000;\">Tale progetto, pienamente in linea con le traiettorie strategiche del Piano nazionale di ripresa e resilienza (PNRR), intende percorrere la direzione della&nbsp;<em>transizione digitale<\/em>&nbsp;e dell\u2019<em>evoluzione culturale<\/em>&nbsp;con verticalizzazioni nelle differenti aree&nbsp;<strong>giuridiche<\/strong>,&nbsp;<strong>educative<\/strong>&nbsp;e dei&nbsp;<strong>servizi per la salute e il benessere<\/strong>.<\/span><\/p>\n<p style=\"text-align: justify;\"><span style=\"color: #000000;\">Per organizzare al meglio le attivit\u00e0 di gestione e di assicurazione della qualit\u00e0 (AQ) della ricerca, \u00e8 stato istituito il&nbsp;<strong>Dipartimento di Scienze Umane, Giuridiche e dell\u2019Economia<\/strong>, con l\u2019adesione di tutti i professori e i ricercatori titolari di insegnamento presso Unidav e al contempo strutturati presso Unidav o altro Ateneo, conformemente allo Statuto della stessa Unidav, approvato previo parere favorevole del Ministero dell\u2019Universit\u00e0 e della Ricerca.<\/span><\/p>\n<p style=\"text-align: justify;\"><span style=\"color: #000000;\">Nel contesto della riformulazione del sistema di AQ per la ricerca dell\u2019Ateneo, al Dipartimento di Scienze Umane, Giuridiche e dell\u2019Economia \u00e8 stato attribuito un ruolo centrale nella gestione sia della ricerca sia delle attivit\u00e0 di AQ.<\/span><\/p>\n<p style=\"text-align: justify;\"><span style=\"color: #000000;\">Per l\u2019anno 2022, i&nbsp;<strong>settori scientifico-disciplinari&nbsp;<\/strong>rappresentati nel Dipartimento di Scienze Umane, Giuridiche e dell\u2019Economia e relativi ai docenti incardinati presso Unidav, nonch\u00e9 quelli in convenzione ex art. 6 c. 11 della legge 240\/10, sono i seguenti:<\/span><\/p>\n<ul>\n<li><span style=\"color: #000000;\">IUS\/01 \u2013 DIRITTO PRIVATO<\/span><\/li>\n<li><span style=\"color: #000000;\">IUS\/07-DIRITTO DEL LAVORO<\/span><\/li>\n<li><span style=\"color: #000000;\">IUS\/09 \u2013 DIRITTO PUBBLICO<\/span><\/li>\n<li><span style=\"color: #000000;\">IUS\/12 \u2013 DIRITTO TRIBUTARIO<\/span><\/li>\n<li><span style=\"color: #000000;\">IUS\/04 \u2013 DIRITTO COMMERCIALE<\/span><\/li>\n<li><span style=\"color: #000000;\">IUS\/15 \u2013 PROCEDURA CIVILE<\/span><\/li>\n<li><span style=\"color: #000000;\">L-ART\/07 \u2013 MUSICOLOGIA E STORIA DELLA MUSICA<\/span><\/li>\n<li><span style=\"color: #000000;\">L-FIL-LET\/12 \u2013 LINGUISTICA ITALIANA<\/span><\/li>\n<li><span style=\"color: #000000;\">L-LIN\/12 \u2013 LINGUA E TRADUZIONE INGLESE<\/span><\/li>\n<li><span style=\"color: #000000;\">M-FIL\/03 \u2013 FILOSOFIA MORALE<\/span><\/li>\n<li><span style=\"color: #000000;\">M-PED\/02 \u2013 STORIA DELLA PEDAGOGIA<\/span><\/li>\n<li><span style=\"color: #000000;\">M-PED\/03 \u2013 DIDATTICA E PEDAGOGIA SPECIALE<\/span><\/li>\n<li><span style=\"color: #000000;\">M-PSI\/04 \u2013 PSICOLOGIA DELLO SVILUPPO E DELL\u2019EDUCAZIONE<\/span><\/li>\n<li><span style=\"color: #000000;\">M-STO\/02 \u2013 STORIA MODERNA<\/span><\/li>\n<li><span style=\"color: #000000;\">M-STO\/04 \u2013 STORIA CONTEMPORANEA<\/span><\/li>\n<\/ul>\n\n\n\n<hr class=\"wp-block-separator has-alpha-channel-opacity\"\/>\n\n\n\n<p>&nbsp;<\/p>\n<p><span style=\"color: #800000; font-size: 18pt;\"><strong>Politica per l\u2019AQ del Dipartimento in materia di ricerca<\/strong><\/span><\/p>\n<p style=\"text-align: justify;\"><span style=\"color: #000000;\">Gli organi e le strutture con responsabilit\u00e0 nell\u2019AQ della ricerca a livello di Dipartimento sono:<\/span><\/p>\n<ul>\n<li style=\"text-align: justify;\"><span style=\"color: #000000;\">Direttore di Dipartimento (DdD);<\/span><\/li>\n<li style=\"text-align: justify;\"><span style=\"color: #000000;\">Consiglio di Dipartimento (CdD);<\/span><\/li>\n<li style=\"text-align: justify;\"><span style=\"color: #000000;\">Responsabile della ricerca (RdR), Delegato del Rettore alla Ricerca;<\/span><\/li>\n<li style=\"text-align: justify;\"><span style=\"color: #000000;\">Gruppo di Assicurazione della Qualit\u00e0 della Ricerca (GAQR), con il compito di predisporre la bozza di SUA RD da sottoporre all\u2019approvazione del Consiglio di Dipartimento.<\/span><\/li>\n<\/ul>\n<p><span style=\"color: #000000;\">Il <strong>Direttore di Dipartimento<\/strong> \u00e8 la Prof.ssa Melania D\u2019Angelosante<\/span><\/p>\n<p><span style=\"color: #000000;\">Il <strong>RdR<\/strong> \u00e8 la Dott.ssa Alessia Amelio, la quale \u00e8 stata nominata anche Delegato del Rettore alla Ricerca.<\/span><\/p>\n<p style=\"text-align: justify;\"><span style=\"color: #000000;\">Il <strong>GAQR<\/strong> \u00e8 composto dal DdD, dai Coordinatori dei 3 Corsi di Studio accreditati Proff. Alessandro Marra, Marco Angelone e Ilaria Filograsso, dal Delegato del Rettore alla Ricerca, e dal Delegato del Rettore alla Didattica, Dott.ssa Elisa Maia.<\/span><\/p>\n<p>&nbsp;<\/p>\n\n\n\n<hr class=\"wp-block-separator has-alpha-channel-opacity\"\/>\n\n\n\n<p><strong><span style=\"font-size: 18pt; color: #800000;\">DOCUMENTAZIONE<\/span><\/strong><\/p>\n<p><a href=\"https:\/\/www.unidav.it\/wp-content\/uploads\/TRASP_2022-01-12_Nomina_Direttore_Dipartimento.pdf\" target=\"_blank\" rel=\"noopener\"><strong>2022-01-12 \u2013 Nomina Direttore di Dipartimento di Scienze Umane, Giuridiche e dell\u2019Economia<\/strong><\/a><\/p>\n<p><strong><a href=\"https:\/\/www.unidav.it\/wp-content\/uploads\/PDA-del-Dipartimento-di-Scienze-Umane-Giuridiche-e-dellEconomia.pdf\">PDA del Dipartimento di Scienze Umane, Giuridiche e dell&#8217;Economia<\/a><\/strong><\/p>\n<p><a href=\"https:\/\/www.unidav.it\/wp-content\/uploads\/SUA-RD-TM-UNIDAV-2022.pdf\"><strong>SUA RD-TM UNIDAV 2022<\/strong><\/a><\/p>\n<p><a href=\"https:\/\/www.unidav.it\/wp-content\/uploads\/SUA-RD-TM-UNIDAV-2023.pdf\"><strong>SUA RD-TM UNIDAV 2023<\/strong><\/a><\/p>\n","protected":false},"excerpt":{"rendered":"<p>Dipartimento di Scienze Umane, Giuridiche e dell\u2019Economia &nbsp; MISSION L\u2019Ateneo ha come obiettivo quello di promuovere un progetto culturale di [&hellip;]<\/p>\n","protected":false},"author":1,"featured_media":0,"parent":0,"menu_order":0,"comment_status":"closed","ping_status":"closed","template":"","meta":{"footnotes":"","_links_to":"","_links_to_target":""},"categories":[180],"tags":[],"class_list":["post-21590","page","type-page","status-publish","hentry","category-dipartimento"],"yoast_head":"<!-- This site is optimized with the Yoast SEO plugin v26.7 - https:\/\/yoast.com\/wordpress\/plugins\/seo\/ -->\r\n<title>Dipartimento - Unidav.it<\/title>\r\n<meta name=\"robots\" content=\"index, follow, max-snippet:-1, max-image-preview:large, max-video-preview:-1\" \/>\r\n<link rel=\"canonical\" href=\"https:\/\/www.unidav.it\/index.php\/dipartimento\/\" \/>\r\n<meta property=\"og:locale\" content=\"it_IT\" \/>\r\n<meta property=\"og:type\" content=\"article\" \/>\r\n<meta property=\"og:title\" content=\"Dipartimento - Unidav.it\" \/>\r\n<meta property=\"og:description\" content=\"Dipartimento di Scienze Umane, Giuridiche e dell\u2019Economia &nbsp; MISSION L\u2019Ateneo ha come obiettivo quello di promuovere un progetto culturale di [&hellip;]\" \/>\r\n<meta property=\"og:url\" content=\"https:\/\/www.unidav.it\/index.php\/dipartimento\/\" \/>\r\n<meta property=\"og:site_name\" content=\"Unidav.it\" \/>\r\n<meta property=\"article:publisher\" content=\"https:\/\/www.facebook.com\/unidav.it\/\" \/>\r\n<meta property=\"article:modified_time\" content=\"2024-06-27T08:19:16+00:00\" \/>\r\n<meta name=\"twitter:card\" content=\"summary_large_image\" \/>\r\n<meta name=\"twitter:label1\" content=\"Tempo di lettura stimato\" \/>\n\t<meta name=\"twitter:data1\" content=\"3 minuti\" \/>\r\n<script type=\"application\/ld+json\" class=\"yoast-schema-graph\">{\"@context\":\"https:\/\/schema.org\",\"@graph\":[{\"@type\":\"WebPage\",\"@id\":\"https:\/\/www.unidav.it\/index.php\/dipartimento\/\",\"url\":\"https:\/\/www.unidav.it\/index.php\/dipartimento\/\",\"name\":\"Dipartimento - Unidav.it\",\"isPartOf\":{\"@id\":\"https:\/\/www.unidav.it\/#website\"},\"datePublished\":\"2023-04-17T12:44:25+00:00\",\"dateModified\":\"2024-06-27T08:19:16+00:00\",\"breadcrumb\":{\"@id\":\"https:\/\/www.unidav.it\/index.php\/dipartimento\/#breadcrumb\"},\"inLanguage\":\"it-IT\",\"potentialAction\":[{\"@type\":\"ReadAction\",\"target\":[\"https:\/\/www.unidav.it\/index.php\/dipartimento\/\"]}]},{\"@type\":\"BreadcrumbList\",\"@id\":\"https:\/\/www.unidav.it\/index.php\/dipartimento\/#breadcrumb\",\"itemListElement\":[{\"@type\":\"ListItem\",\"position\":1,\"name\":\"Home\",\"item\":\"https:\/\/www.unidav.it\/\"},{\"@type\":\"ListItem\",\"position\":2,\"name\":\"Dipartimento\"}]},{\"@type\":\"WebSite\",\"@id\":\"https:\/\/www.unidav.it\/#website\",\"url\":\"https:\/\/www.unidav.it\/\",\"name\":\"Unidav.it\",\"description\":\"Universit\u00e0 Digitale Leonardo da Vinci\",\"potentialAction\":[{\"@type\":\"SearchAction\",\"target\":{\"@type\":\"EntryPoint\",\"urlTemplate\":\"https:\/\/www.unidav.it\/?s={search_term_string}\"},\"query-input\":{\"@type\":\"PropertyValueSpecification\",\"valueRequired\":true,\"valueName\":\"search_term_string\"}}],\"inLanguage\":\"it-IT\"}]}<\/script>\r\n<!-- \/ Yoast SEO plugin. -->","yoast_head_json":{"title":"Dipartimento - Unidav.it","robots":{"index":"index","follow":"follow","max-snippet":"max-snippet:-1","max-image-preview":"max-image-preview:large","max-video-preview":"max-video-preview:-1"},"canonical":"https:\/\/www.unidav.it\/index.php\/dipartimento\/","og_locale":"it_IT","og_type":"article","og_title":"Dipartimento - Unidav.it","og_description":"Dipartimento di Scienze Umane, Giuridiche e dell\u2019Economia &nbsp; MISSION L\u2019Ateneo ha come obiettivo quello di promuovere un progetto culturale di [&hellip;]","og_url":"https:\/\/www.unidav.it\/index.php\/dipartimento\/","og_site_name":"Unidav.it","article_publisher":"https:\/\/www.facebook.com\/unidav.it\/","article_modified_time":"2024-06-27T08:19:16+00:00","twitter_card":"summary_large_image","twitter_misc":{"Tempo di lettura stimato":"3 minuti"},"schema":{"@context":"https:\/\/schema.org","@graph":[{"@type":"WebPage","@id":"https:\/\/www.unidav.it\/index.php\/dipartimento\/","url":"https:\/\/www.unidav.it\/index.php\/dipartimento\/","name":"Dipartimento - Unidav.it","isPartOf":{"@id":"https:\/\/www.unidav.it\/#website"},"datePublished":"2023-04-17T12:44:25+00:00","dateModified":"2024-06-27T08:19:16+00:00","breadcrumb":{"@id":"https:\/\/www.unidav.it\/index.php\/dipartimento\/#breadcrumb"},"inLanguage":"it-IT","potentialAction":[{"@type":"ReadAction","target":["https:\/\/www.unidav.it\/index.php\/dipartimento\/"]}]},{"@type":"BreadcrumbList","@id":"https:\/\/www.unidav.it\/index.php\/dipartimento\/#breadcrumb","itemListElement":[{"@type":"ListItem","position":1,"name":"Home","item":"https:\/\/www.unidav.it\/"},{"@type":"ListItem","position":2,"name":"Dipartimento"}]},{"@type":"WebSite","@id":"https:\/\/www.unidav.it\/#website","url":"https:\/\/www.unidav.it\/","name":"Unidav.it","description":"Universit\u00e0 Digitale Leonardo da Vinci","potentialAction":[{"@type":"SearchAction","target":{"@type":"EntryPoint","urlTemplate":"https:\/\/www.unidav.it\/?s={search_term_string}"},"query-input":{"@type":"PropertyValueSpecification","valueRequired":true,"valueName":"search_term_string"}}],"inLanguage":"it-IT"}]}},"_links":{"self":[{"href":"https:\/\/www.unidav.it\/index.php\/wp-json\/wp\/v2\/pages\/21590","targetHints":{"allow":["GET"]}}],"collection":[{"href":"https:\/\/www.unidav.it\/index.php\/wp-json\/wp\/v2\/pages"}],"about":[{"href":"https:\/\/www.unidav.it\/index.php\/wp-json\/wp\/v2\/types\/page"}],"author":[{"embeddable":true,"href":"https:\/\/www.unidav.it\/index.php\/wp-json\/wp\/v2\/users\/1"}],"replies":[{"embeddable":true,"href":"https:\/\/www.unidav.it\/index.php\/wp-json\/wp\/v2\/comments?post=21590"}],"version-history":[{"count":0,"href":"https:\/\/www.unidav.it\/index.php\/wp-json\/wp\/v2\/pages\/21590\/revisions"}],"wp:attachment":[{"href":"https:\/\/www.unidav.it\/index.php\/wp-json\/wp\/v2\/media?parent=21590"}],"wp:term":[{"taxonomy":"category","embeddable":true,"href":"https:\/\/www.unidav.it\/index.php\/wp-json\/wp\/v2\/categories?post=21590"},{"taxonomy":"post_tag","embeddable":true,"href":"https:\/\/www.unidav.it\/index.php\/wp-json\/wp\/v2\/tags?post=21590"}],"curies":[{"name":"wp","href":"https:\/\/api.w.org\/{rel}","templated":true}]}}