{"id":21468,"date":"2023-04-20T16:31:44","date_gmt":"2023-04-20T14:31:44","guid":{"rendered":"https:\/\/www.unidav.it\/?page_id=21468"},"modified":"2023-10-03T00:22:13","modified_gmt":"2023-10-02T22:22:13","slug":"mission","status":"publish","type":"page","link":"https:\/\/www.unidav.it\/index.php\/ricerca\/mission\/","title":{"rendered":"Mission"},"content":{"rendered":"\n<p style=\"text-align: justify;\"><span style=\"color: #000000;\">L\u2019Ateneo ha come obiettivo quello di promuovere un progetto culturale di tipo \u201ctrasversale\u201d e multidisciplinare, con la finalit\u00e0 di valorizzare al meglio le aree di ricerca di tutti i docenti che vi afferiscono.<\/span><\/p>\n<p style=\"text-align: justify;\"><span style=\"color: #000000;\">Tale progetto, pienamente in linea con le traiettorie strategiche del Piano nazionale di ripresa e resilienza (PNRR), intende percorrere la direzione della <em>transizione digitale<\/em> e dell\u2019<em>evoluzione culturale<\/em> con verticalizzazioni nelle differenti aree <strong>giuridiche<\/strong>, <strong>educative<\/strong> e dei <strong>servizi per la salute e il benessere<\/strong>.<\/span><\/p>\n<p style=\"text-align: justify;\"><span style=\"color: #000000;\">Per organizzare al meglio le attivit\u00e0 di gestione e di assicurazione della qualit\u00e0 (AQ) della ricerca, \u00e8 stato istituito il <strong>Dipartimento di Scienze Umane, Giuridiche e dell\u2019Economia<\/strong>, con l\u2019adesione di tutti i professori e i ricercatori titolari di insegnamento presso Unidav e al contempo strutturati presso Unidav o altro Ateneo, conformemente allo Statuto della stessa Unidav, approvato previo parere favorevole del Ministero dell\u2019Universit\u00e0 e della Ricerca.<\/span><\/p>\n<p style=\"text-align: justify;\"><span style=\"color: #000000;\">Nel contesto della riformulazione del sistema di AQ per la ricerca dell\u2019Ateneo, al Dipartimento di Scienze Umane, Giuridiche e dell\u2019Economia \u00e8 stato attribuito un ruolo centrale nella gestione sia della ricerca sia delle attivit\u00e0 di AQ.<\/span><\/p>\n<p style=\"text-align: justify;\"><span style=\"color: #000000;\">Per l\u2019anno 2022, i <strong>settori scientifico-disciplinari <\/strong>rappresentati nel Dipartimento di Scienze Umane, Giuridiche e dell\u2019Economia e relativi ai docenti incardinati presso Unidav, nonch\u00e9 quelli in convenzione ex art. 6 c. 11 della legge 240\/10, sono i seguenti:<\/span><\/p>\n<ul>\n<li style=\"text-align: justify;\"><span style=\"color: #000000;\">IUS\/01 &#8211; DIRITTO PRIVATO<\/span><\/li>\n<li style=\"text-align: justify;\"><span style=\"color: #000000;\">IUS\/07-DIRITTO DEL LAVORO<\/span><\/li>\n<li style=\"text-align: justify;\"><span style=\"color: #000000;\">IUS\/09 \u2013 DIRITTO PUBBLICO<\/span><\/li>\n<li style=\"text-align: justify;\"><span style=\"color: #000000;\">IUS\/12 &#8211; DIRITTO TRIBUTARIO<\/span><\/li>\n<li style=\"text-align: justify;\"><span style=\"color: #000000;\">IUS\/04 &#8211; DIRITTO COMMERCIALE<\/span><\/li>\n<li style=\"text-align: justify;\"><span style=\"color: #000000;\">IUS\/15 \u2013 PROCEDURA CIVILE<\/span><\/li>\n<li style=\"text-align: justify;\"><span style=\"color: #000000;\">L-ART\/07 \u2013 MUSICOLOGIA E STORIA DELLA MUSICA<\/span><\/li>\n<li style=\"text-align: justify;\"><span style=\"color: #000000;\">L-FIL-LET\/12 \u2013 LINGUISTICA ITALIANA<\/span><\/li>\n<li style=\"text-align: justify;\"><span style=\"color: #000000;\">L-LIN\/12 \u2013 LINGUA E TRADUZIONE INGLESE<\/span><\/li>\n<li style=\"text-align: justify;\"><span style=\"color: #000000;\">M-FIL\/03 \u2013 FILOSOFIA MORALE<\/span><\/li>\n<li style=\"text-align: justify;\"><span style=\"color: #000000;\">M-PED\/02 \u2013 STORIA DELLA PEDAGOGIA<\/span><\/li>\n<li style=\"text-align: justify;\"><span style=\"color: #000000;\">M-PED\/03 \u2013 DIDATTICA E PEDAGOGIA SPECIALE<\/span><\/li>\n<li style=\"text-align: justify;\"><span style=\"color: #000000;\">M-PSI\/04 \u2013 PSICOLOGIA DELLO SVILUPPO E DELL\u2019EDUCAZIONE<\/span><\/li>\n<li style=\"text-align: justify;\"><span style=\"color: #000000;\">M-STO\/02 \u2013 STORIA MODERNA<\/span><\/li>\n<li style=\"text-align: justify;\"><span style=\"color: #000000;\">M-STO\/04 \u2013 STORIA CONTEMPORANEA<\/span><\/li>\n<\/ul>\n<p>\u00a0<\/p>\n<p style=\"text-align: justify;\"><span style=\"color: #000000;\">Rientrano inoltre nelle attivit\u00e0 di ricerca di Unidav:<\/span><\/p>\n<ul>\n<li style=\"text-align: justify;\"><span style=\"color: #000000;\">Le attivit\u00e0 di ricerca condotte nell&#8217;ambito del Dottorato di ricerca XXXVIII ciclo in &#8220;Digital Transition, Innovation and Health Service&#8221;<\/span><\/li>\n<li style=\"text-align: justify;\"><span style=\"color: #000000;\">Le attivit\u00e0 svolte nell&#8217;ambito del Laboratorio di ricerca sulla Transazione Digitale e Sostenibilit\u00e0 delle nuove tecnologie &#8220;Hugo Gernsback&#8221;<\/span><\/li>\n<li style=\"text-align: justify;\"><span style=\"color: #000000;\">Le attivit\u00e0 di ricerca condotte nell&#8217;ambito del Dottorato di ricerca XXXIX ciclo in &#8220;Sustainable Blue Economy and One Health&#8221;<\/span><\/li>\n<\/ul>\n<p style=\"text-align: justify;\"><span style=\"color: #000000;\">Di seguito \u00e8 possibile scaricare una brochure che illustra i principali temi di ricerca condotti nell&#8217;ambito dei tre percorsi.<\/span><\/p>\n<p style=\"text-align: justify;\"><a href=\"https:\/\/www.unidav.it\/wp-content\/uploads\/NdR-2023_Unidav_Bassetta_v2_RR.pdf\" target=\"_blank\" rel=\"noopener\"><span style=\"font-size: 14pt;\"><strong>DOWNLOAD &#8211; PDF<\/strong><\/span><\/a><\/p>\n<p style=\"text-align: justify;\"><strong><span style=\"color: #000000;\">Tutte le immagini introdotte sono state generate tramite l&#8217;Intelligenza Artificiale a cura del dott. Jacopo Bassetta<\/span><\/strong><\/p>\n","protected":false},"excerpt":{"rendered":"<p>L\u2019Ateneo ha come obiettivo quello di promuovere un progetto culturale di tipo \u201ctrasversale\u201d e multidisciplinare, con la finalit\u00e0 di valorizzare [&hellip;]<\/p>\n","protected":false},"author":1,"featured_media":0,"parent":21466,"menu_order":0,"comment_status":"closed","ping_status":"closed","template":"","meta":{"footnotes":"","_links_to":"","_links_to_target":""},"categories":[178],"tags":[],"class_list":["post-21468","page","type-page","status-publish","hentry","category-ricerca"],"yoast_head":"<!-- This site is optimized with the Yoast SEO plugin v26.7 - https:\/\/yoast.com\/wordpress\/plugins\/seo\/ -->\r\n<title>Mission - Unidav.it<\/title>\r\n<meta name=\"robots\" content=\"index, follow, max-snippet:-1, max-image-preview:large, max-video-preview:-1\" \/>\r\n<link rel=\"canonical\" href=\"https:\/\/www.unidav.it\/index.php\/ricerca\/mission\/\" \/>\r\n<meta property=\"og:locale\" content=\"it_IT\" \/>\r\n<meta property=\"og:type\" content=\"article\" \/>\r\n<meta property=\"og:title\" content=\"Mission - Unidav.it\" \/>\r\n<meta property=\"og:description\" content=\"L\u2019Ateneo ha come obiettivo quello di promuovere un progetto culturale di tipo \u201ctrasversale\u201d e multidisciplinare, con la finalit\u00e0 di valorizzare [&hellip;]\" \/>\r\n<meta property=\"og:url\" content=\"https:\/\/www.unidav.it\/index.php\/ricerca\/mission\/\" \/>\r\n<meta property=\"og:site_name\" content=\"Unidav.it\" \/>\r\n<meta property=\"article:publisher\" content=\"https:\/\/www.facebook.com\/unidav.it\/\" \/>\r\n<meta property=\"article:modified_time\" content=\"2023-10-02T22:22:13+00:00\" \/>\r\n<meta name=\"twitter:card\" content=\"summary_large_image\" \/>\r\n<meta name=\"twitter:label1\" content=\"Tempo di lettura stimato\" \/>\n\t<meta name=\"twitter:data1\" content=\"2 minuti\" \/>\r\n<script type=\"application\/ld+json\" class=\"yoast-schema-graph\">{\"@context\":\"https:\/\/schema.org\",\"@graph\":[{\"@type\":\"WebPage\",\"@id\":\"https:\/\/www.unidav.it\/index.php\/ricerca\/mission\/\",\"url\":\"https:\/\/www.unidav.it\/index.php\/ricerca\/mission\/\",\"name\":\"Mission - Unidav.it\",\"isPartOf\":{\"@id\":\"https:\/\/www.unidav.it\/#website\"},\"datePublished\":\"2023-04-20T14:31:44+00:00\",\"dateModified\":\"2023-10-02T22:22:13+00:00\",\"breadcrumb\":{\"@id\":\"https:\/\/www.unidav.it\/index.php\/ricerca\/mission\/#breadcrumb\"},\"inLanguage\":\"it-IT\",\"potentialAction\":[{\"@type\":\"ReadAction\",\"target\":[\"https:\/\/www.unidav.it\/index.php\/ricerca\/mission\/\"]}]},{\"@type\":\"BreadcrumbList\",\"@id\":\"https:\/\/www.unidav.it\/index.php\/ricerca\/mission\/#breadcrumb\",\"itemListElement\":[{\"@type\":\"ListItem\",\"position\":1,\"name\":\"Home\",\"item\":\"https:\/\/www.unidav.it\/\"},{\"@type\":\"ListItem\",\"position\":2,\"name\":\"RICERCA\",\"item\":\"https:\/\/www.unidav.it\/index.php\/ricerca\/\"},{\"@type\":\"ListItem\",\"position\":3,\"name\":\"Mission\"}]},{\"@type\":\"WebSite\",\"@id\":\"https:\/\/www.unidav.it\/#website\",\"url\":\"https:\/\/www.unidav.it\/\",\"name\":\"Unidav.it\",\"description\":\"Universit\u00e0 Digitale Leonardo da Vinci\",\"potentialAction\":[{\"@type\":\"SearchAction\",\"target\":{\"@type\":\"EntryPoint\",\"urlTemplate\":\"https:\/\/www.unidav.it\/?s={search_term_string}\"},\"query-input\":{\"@type\":\"PropertyValueSpecification\",\"valueRequired\":true,\"valueName\":\"search_term_string\"}}],\"inLanguage\":\"it-IT\"}]}<\/script>\r\n<!-- \/ Yoast SEO plugin. -->","yoast_head_json":{"title":"Mission - Unidav.it","robots":{"index":"index","follow":"follow","max-snippet":"max-snippet:-1","max-image-preview":"max-image-preview:large","max-video-preview":"max-video-preview:-1"},"canonical":"https:\/\/www.unidav.it\/index.php\/ricerca\/mission\/","og_locale":"it_IT","og_type":"article","og_title":"Mission - Unidav.it","og_description":"L\u2019Ateneo ha come obiettivo quello di promuovere un progetto culturale di tipo \u201ctrasversale\u201d e multidisciplinare, con la finalit\u00e0 di valorizzare [&hellip;]","og_url":"https:\/\/www.unidav.it\/index.php\/ricerca\/mission\/","og_site_name":"Unidav.it","article_publisher":"https:\/\/www.facebook.com\/unidav.it\/","article_modified_time":"2023-10-02T22:22:13+00:00","twitter_card":"summary_large_image","twitter_misc":{"Tempo di lettura stimato":"2 minuti"},"schema":{"@context":"https:\/\/schema.org","@graph":[{"@type":"WebPage","@id":"https:\/\/www.unidav.it\/index.php\/ricerca\/mission\/","url":"https:\/\/www.unidav.it\/index.php\/ricerca\/mission\/","name":"Mission - Unidav.it","isPartOf":{"@id":"https:\/\/www.unidav.it\/#website"},"datePublished":"2023-04-20T14:31:44+00:00","dateModified":"2023-10-02T22:22:13+00:00","breadcrumb":{"@id":"https:\/\/www.unidav.it\/index.php\/ricerca\/mission\/#breadcrumb"},"inLanguage":"it-IT","potentialAction":[{"@type":"ReadAction","target":["https:\/\/www.unidav.it\/index.php\/ricerca\/mission\/"]}]},{"@type":"BreadcrumbList","@id":"https:\/\/www.unidav.it\/index.php\/ricerca\/mission\/#breadcrumb","itemListElement":[{"@type":"ListItem","position":1,"name":"Home","item":"https:\/\/www.unidav.it\/"},{"@type":"ListItem","position":2,"name":"RICERCA","item":"https:\/\/www.unidav.it\/index.php\/ricerca\/"},{"@type":"ListItem","position":3,"name":"Mission"}]},{"@type":"WebSite","@id":"https:\/\/www.unidav.it\/#website","url":"https:\/\/www.unidav.it\/","name":"Unidav.it","description":"Universit\u00e0 Digitale Leonardo da Vinci","potentialAction":[{"@type":"SearchAction","target":{"@type":"EntryPoint","urlTemplate":"https:\/\/www.unidav.it\/?s={search_term_string}"},"query-input":{"@type":"PropertyValueSpecification","valueRequired":true,"valueName":"search_term_string"}}],"inLanguage":"it-IT"}]}},"_links":{"self":[{"href":"https:\/\/www.unidav.it\/index.php\/wp-json\/wp\/v2\/pages\/21468","targetHints":{"allow":["GET"]}}],"collection":[{"href":"https:\/\/www.unidav.it\/index.php\/wp-json\/wp\/v2\/pages"}],"about":[{"href":"https:\/\/www.unidav.it\/index.php\/wp-json\/wp\/v2\/types\/page"}],"author":[{"embeddable":true,"href":"https:\/\/www.unidav.it\/index.php\/wp-json\/wp\/v2\/users\/1"}],"replies":[{"embeddable":true,"href":"https:\/\/www.unidav.it\/index.php\/wp-json\/wp\/v2\/comments?post=21468"}],"version-history":[{"count":0,"href":"https:\/\/www.unidav.it\/index.php\/wp-json\/wp\/v2\/pages\/21468\/revisions"}],"up":[{"embeddable":true,"href":"https:\/\/www.unidav.it\/index.php\/wp-json\/wp\/v2\/pages\/21466"}],"wp:attachment":[{"href":"https:\/\/www.unidav.it\/index.php\/wp-json\/wp\/v2\/media?parent=21468"}],"wp:term":[{"taxonomy":"category","embeddable":true,"href":"https:\/\/www.unidav.it\/index.php\/wp-json\/wp\/v2\/categories?post=21468"},{"taxonomy":"post_tag","embeddable":true,"href":"https:\/\/www.unidav.it\/index.php\/wp-json\/wp\/v2\/tags?post=21468"}],"curies":[{"name":"wp","href":"https:\/\/api.w.org\/{rel}","templated":true}]}}