{"id":21024,"date":"2023-01-24T15:44:24","date_gmt":"2023-01-24T14:44:24","guid":{"rendered":"https:\/\/www.unidav.it\/?page_id=21024"},"modified":"2023-03-13T16:46:59","modified_gmt":"2023-03-13T15:46:59","slug":"unidav-point","status":"publish","type":"page","link":"https:\/\/www.unidav.it\/index.php\/unidav-point\/","title":{"rendered":"Unidav Point"},"content":{"rendered":"\n<p><img decoding=\"async\" class=\"alignnone size-full wp-image-21097\" src=\"https:\/\/www.unidav.it\/wp-content\/uploads\/unidav_point.jpg\" alt=\"\" width=\"1920\" height=\"903\" srcset=\"https:\/\/www.unidav.it\/wp-content\/uploads\/unidav_point.jpg 1920w, https:\/\/www.unidav.it\/wp-content\/uploads\/unidav_point-300x141.jpg 300w, https:\/\/www.unidav.it\/wp-content\/uploads\/unidav_point-1024x482.jpg 1024w, https:\/\/www.unidav.it\/wp-content\/uploads\/unidav_point-150x71.jpg 150w, https:\/\/www.unidav.it\/wp-content\/uploads\/unidav_point-768x361.jpg 768w, https:\/\/www.unidav.it\/wp-content\/uploads\/unidav_point-1536x722.jpg 1536w, https:\/\/www.unidav.it\/wp-content\/uploads\/unidav_point-500x235.jpg 500w, https:\/\/www.unidav.it\/wp-content\/uploads\/unidav_point-800x376.jpg 800w, https:\/\/www.unidav.it\/wp-content\/uploads\/unidav_point-1280x602.jpg 1280w, https:\/\/www.unidav.it\/wp-content\/uploads\/unidav_point-520x245.jpg 520w, https:\/\/www.unidav.it\/wp-content\/uploads\/unidav_point-720x340.jpg 720w\" sizes=\"(max-width: 1920px) 100vw, 1920px\" \/><\/p>\n<p>\u00a0<\/p>\n<p><span style=\"color: #800000; font-size: 24pt;\"><strong>Diventa Unidav Point<\/strong><\/span><\/p>\n<p><span style=\"color: #000000; font-size: 18pt;\">L&#8217;Unidav Point \u00e8 un centro di promozione dell&#8217;Universit\u00e0 telematica &#8220;Leonardo da Vinci&#8221; che pu\u00f2 utilizzare il nome e il logo UNIDAV per valorizzare la nostra offerta formativa.<\/span><\/p>\n<p>\u00a0<\/p>\n\n\n\n","protected":false},"excerpt":{"rendered":"<p>\u00a0 Diventa Unidav Point L&#8217;Unidav Point \u00e8 un centro di promozione dell&#8217;Universit\u00e0 telematica &#8220;Leonardo da Vinci&#8221; che pu\u00f2 utilizzare il [&hellip;]<\/p>\n","protected":false},"author":1,"featured_media":0,"parent":0,"menu_order":0,"comment_status":"closed","ping_status":"closed","template":"","meta":{"footnotes":"","_links_to":"","_links_to_target":""},"categories":[160],"tags":[],"class_list":["post-21024","page","type-page","status-publish","hentry","category-marketing"],"yoast_head":"<!-- This site is optimized with the Yoast SEO plugin v26.7 - https:\/\/yoast.com\/wordpress\/plugins\/seo\/ -->\r\n<title>Unidav Point - Unidav.it<\/title>\r\n<meta name=\"robots\" content=\"index, follow, max-snippet:-1, max-image-preview:large, max-video-preview:-1\" \/>\r\n<link rel=\"canonical\" href=\"https:\/\/www.unidav.it\/index.php\/unidav-point\/\" \/>\r\n<meta property=\"og:locale\" content=\"it_IT\" \/>\r\n<meta property=\"og:type\" content=\"article\" \/>\r\n<meta property=\"og:title\" content=\"Unidav Point - Unidav.it\" \/>\r\n<meta property=\"og:description\" content=\"\u00a0 Diventa Unidav Point L&#8217;Unidav Point \u00e8 un centro di promozione dell&#8217;Universit\u00e0 telematica &#8220;Leonardo da Vinci&#8221; che pu\u00f2 utilizzare il [&hellip;]\" \/>\r\n<meta property=\"og:url\" content=\"https:\/\/www.unidav.it\/index.php\/unidav-point\/\" \/>\r\n<meta property=\"og:site_name\" content=\"Unidav.it\" \/>\r\n<meta property=\"article:publisher\" content=\"https:\/\/www.facebook.com\/unidav.it\/\" \/>\r\n<meta property=\"article:modified_time\" content=\"2023-03-13T15:46:59+00:00\" \/>\r\n<meta property=\"og:image\" content=\"https:\/\/www.unidav.it\/wp-content\/uploads\/unidav_point.jpg\" \/>\r\n<meta name=\"twitter:card\" content=\"summary_large_image\" \/>\r\n<script type=\"application\/ld+json\" class=\"yoast-schema-graph\">{\"@context\":\"https:\/\/schema.org\",\"@graph\":[{\"@type\":\"WebPage\",\"@id\":\"https:\/\/www.unidav.it\/index.php\/unidav-point\/\",\"url\":\"https:\/\/www.unidav.it\/index.php\/unidav-point\/\",\"name\":\"Unidav Point - Unidav.it\",\"isPartOf\":{\"@id\":\"https:\/\/www.unidav.it\/#website\"},\"primaryImageOfPage\":{\"@id\":\"https:\/\/www.unidav.it\/index.php\/unidav-point\/#primaryimage\"},\"image\":{\"@id\":\"https:\/\/www.unidav.it\/index.php\/unidav-point\/#primaryimage\"},\"thumbnailUrl\":\"https:\/\/www.unidav.it\/wp-content\/uploads\/unidav_point.jpg\",\"datePublished\":\"2023-01-24T14:44:24+00:00\",\"dateModified\":\"2023-03-13T15:46:59+00:00\",\"breadcrumb\":{\"@id\":\"https:\/\/www.unidav.it\/index.php\/unidav-point\/#breadcrumb\"},\"inLanguage\":\"it-IT\",\"potentialAction\":[{\"@type\":\"ReadAction\",\"target\":[\"https:\/\/www.unidav.it\/index.php\/unidav-point\/\"]}]},{\"@type\":\"ImageObject\",\"inLanguage\":\"it-IT\",\"@id\":\"https:\/\/www.unidav.it\/index.php\/unidav-point\/#primaryimage\",\"url\":\"https:\/\/www.unidav.it\/wp-content\/uploads\/unidav_point.jpg\",\"contentUrl\":\"https:\/\/www.unidav.it\/wp-content\/uploads\/unidav_point.jpg\",\"width\":1920,\"height\":903},{\"@type\":\"BreadcrumbList\",\"@id\":\"https:\/\/www.unidav.it\/index.php\/unidav-point\/#breadcrumb\",\"itemListElement\":[{\"@type\":\"ListItem\",\"position\":1,\"name\":\"Home\",\"item\":\"https:\/\/www.unidav.it\/\"},{\"@type\":\"ListItem\",\"position\":2,\"name\":\"Unidav Point\"}]},{\"@type\":\"WebSite\",\"@id\":\"https:\/\/www.unidav.it\/#website\",\"url\":\"https:\/\/www.unidav.it\/\",\"name\":\"Unidav.it\",\"description\":\"Universit\u00e0 Digitale Leonardo da Vinci\",\"potentialAction\":[{\"@type\":\"SearchAction\",\"target\":{\"@type\":\"EntryPoint\",\"urlTemplate\":\"https:\/\/www.unidav.it\/?s={search_term_string}\"},\"query-input\":{\"@type\":\"PropertyValueSpecification\",\"valueRequired\":true,\"valueName\":\"search_term_string\"}}],\"inLanguage\":\"it-IT\"}]}<\/script>\r\n<!-- \/ Yoast SEO plugin. -->","yoast_head_json":{"title":"Unidav Point - Unidav.it","robots":{"index":"index","follow":"follow","max-snippet":"max-snippet:-1","max-image-preview":"max-image-preview:large","max-video-preview":"max-video-preview:-1"},"canonical":"https:\/\/www.unidav.it\/index.php\/unidav-point\/","og_locale":"it_IT","og_type":"article","og_title":"Unidav Point - Unidav.it","og_description":"\u00a0 Diventa Unidav Point L&#8217;Unidav Point \u00e8 un centro di promozione dell&#8217;Universit\u00e0 telematica &#8220;Leonardo da Vinci&#8221; che pu\u00f2 utilizzare il [&hellip;]","og_url":"https:\/\/www.unidav.it\/index.php\/unidav-point\/","og_site_name":"Unidav.it","article_publisher":"https:\/\/www.facebook.com\/unidav.it\/","article_modified_time":"2023-03-13T15:46:59+00:00","og_image":[{"url":"https:\/\/www.unidav.it\/wp-content\/uploads\/unidav_point.jpg","type":"","width":"","height":""}],"twitter_card":"summary_large_image","schema":{"@context":"https:\/\/schema.org","@graph":[{"@type":"WebPage","@id":"https:\/\/www.unidav.it\/index.php\/unidav-point\/","url":"https:\/\/www.unidav.it\/index.php\/unidav-point\/","name":"Unidav Point - Unidav.it","isPartOf":{"@id":"https:\/\/www.unidav.it\/#website"},"primaryImageOfPage":{"@id":"https:\/\/www.unidav.it\/index.php\/unidav-point\/#primaryimage"},"image":{"@id":"https:\/\/www.unidav.it\/index.php\/unidav-point\/#primaryimage"},"thumbnailUrl":"https:\/\/www.unidav.it\/wp-content\/uploads\/unidav_point.jpg","datePublished":"2023-01-24T14:44:24+00:00","dateModified":"2023-03-13T15:46:59+00:00","breadcrumb":{"@id":"https:\/\/www.unidav.it\/index.php\/unidav-point\/#breadcrumb"},"inLanguage":"it-IT","potentialAction":[{"@type":"ReadAction","target":["https:\/\/www.unidav.it\/index.php\/unidav-point\/"]}]},{"@type":"ImageObject","inLanguage":"it-IT","@id":"https:\/\/www.unidav.it\/index.php\/unidav-point\/#primaryimage","url":"https:\/\/www.unidav.it\/wp-content\/uploads\/unidav_point.jpg","contentUrl":"https:\/\/www.unidav.it\/wp-content\/uploads\/unidav_point.jpg","width":1920,"height":903},{"@type":"BreadcrumbList","@id":"https:\/\/www.unidav.it\/index.php\/unidav-point\/#breadcrumb","itemListElement":[{"@type":"ListItem","position":1,"name":"Home","item":"https:\/\/www.unidav.it\/"},{"@type":"ListItem","position":2,"name":"Unidav Point"}]},{"@type":"WebSite","@id":"https:\/\/www.unidav.it\/#website","url":"https:\/\/www.unidav.it\/","name":"Unidav.it","description":"Universit\u00e0 Digitale Leonardo da Vinci","potentialAction":[{"@type":"SearchAction","target":{"@type":"EntryPoint","urlTemplate":"https:\/\/www.unidav.it\/?s={search_term_string}"},"query-input":{"@type":"PropertyValueSpecification","valueRequired":true,"valueName":"search_term_string"}}],"inLanguage":"it-IT"}]}},"_links":{"self":[{"href":"https:\/\/www.unidav.it\/index.php\/wp-json\/wp\/v2\/pages\/21024","targetHints":{"allow":["GET"]}}],"collection":[{"href":"https:\/\/www.unidav.it\/index.php\/wp-json\/wp\/v2\/pages"}],"about":[{"href":"https:\/\/www.unidav.it\/index.php\/wp-json\/wp\/v2\/types\/page"}],"author":[{"embeddable":true,"href":"https:\/\/www.unidav.it\/index.php\/wp-json\/wp\/v2\/users\/1"}],"replies":[{"embeddable":true,"href":"https:\/\/www.unidav.it\/index.php\/wp-json\/wp\/v2\/comments?post=21024"}],"version-history":[{"count":0,"href":"https:\/\/www.unidav.it\/index.php\/wp-json\/wp\/v2\/pages\/21024\/revisions"}],"wp:attachment":[{"href":"https:\/\/www.unidav.it\/index.php\/wp-json\/wp\/v2\/media?parent=21024"}],"wp:term":[{"taxonomy":"category","embeddable":true,"href":"https:\/\/www.unidav.it\/index.php\/wp-json\/wp\/v2\/categories?post=21024"},{"taxonomy":"post_tag","embeddable":true,"href":"https:\/\/www.unidav.it\/index.php\/wp-json\/wp\/v2\/tags?post=21024"}],"curies":[{"name":"wp","href":"https:\/\/api.w.org\/{rel}","templated":true}]}}