{"id":15990,"date":"2021-04-28T15:08:15","date_gmt":"2021-04-28T13:08:15","guid":{"rendered":"http:\/\/offertaformativa.unidav.it\/?page_id=15990"},"modified":"2022-08-09T15:45:05","modified_gmt":"2022-08-09T13:45:05","slug":"aiutaci-a-migliorare","status":"publish","type":"page","link":"https:\/\/www.unidav.it\/index.php\/aiutaci-a-migliorare\/","title":{"rendered":"Aiutaci a migliorare"},"content":{"rendered":"<p><span style=\"font-size: 24pt;\"><strong><span style=\"color: #037aa4;\">Aiutaci a migliorare<\/span><\/strong><\/span><\/p>\n<p style=\"text-align: justify;\"><span style=\"font-size: 14pt; color: #000000;\">Aiutaci a migliorare la qualit\u00e0 dei nostri servizi, compila il modulo online per sottoporre all\u2019attenzione dell\u2019Ateneo un reclamo, un suggerimento, un elogio.<\/span><\/p>\n<p style=\"text-align: justify;\">\u00a0<\/p>\n\n<div style=\"display:none\" class=\"fm-form-container fm-theme9\"><div id=\"fm-pages18\" class=\"fm-pages wdform_page_navigation \" show_title=\"\" show_numbers=\"1\" type=\"none\"><\/div><form name=\"form18\" action=\"\/index.php\/wp-json\/wp\/v2\/pages\/15990\" method=\"post\" id=\"form18\" class=\"fm-form form18  \" enctype=\"multipart\/form-data\"><input type=\"hidden\" id=\"fm_page_id18\" value=\"15990\" name=\"fm_page_id18\" \/><input type=\"hidden\" id=\"fm_current_post_type18\" value=\"page\" name=\"fm_current_post_type18\" \/><input type=\"hidden\" id=\"counter18\" value=\"7\" name=\"counter18\" \/><input type=\"hidden\" id=\"Itemid18\" value=\"\" name=\"Itemid18\" \/><input type=\"hidden\" id=\"fm_shake18\" value=\"1\" name=\"fm_shake18\" \/><input type=\"text\" class=\"fm-hide\" id=\"fm_empty_field_validation18\" value=\"\" name=\"fm_empty_field_validation18\" data-value=\"bd736efb144d599cf463541431fbf5c4\" \/><div class=\"wdform-page-and-images fm-form-builder\"><div id=\"18form_view1\" class=\"wdform_page\" page_title=\"Untitled page\" next_title=\"Next\" next_type=\"text\" next_class=\"wdform-page-button\" next_checkable=\"true\" previous_title=\"Previous\" previous_type=\"text\" previous_class=\"wdform-page-button\" previous_checkable=\"false\"><div class=\"wdform_section\"><div class=\"wdform_column\"><div wdid=\"2\" class=\"wdform_row\"><div type=\"type_text\" class=\"wdform-field wd-width-100 wd-flex wd-flex-column fm-type_text\" ><div class=\"wdform-label-section wd-width-100  wd-flex-row wd-align-items-center\">    <label  for=\"wdform_2_element18\" class=\"wdform-label\">Nominativo<\/label><span class=\"wdform-required\">*<\/span><\/div><div class=\"wdform-element-section wd-flex  wd-flex-row wd-align-items-center wd-width-100\" ><input type=\"text\"                           class=\"wd-width-100\"                           id=\"wdform_2_element18\"                           name=\"wdform_2_element18\"                           value=\"\"                           data-value=\"\"                           title=\"\"                           placeholder=\"\"                                                       \/><\/div><\/div><\/div><\/div><div class=\"wdform_column\"><div wdid=\"6\" class=\"wdform_row\" style=\"position: relative; left: 0px; top: 0px;\"><div type=\"type_submitter_mail\" class=\"wdform-field wd-width-100 wd-flex wd-flex-column fm-type_submitter_mail\" ><div class=\"wdform-label-section wd-width-100  wd-flex-row\">    <label  for=\"wdform_6_element18\" class=\"wdform-label\">Email<\/label><span class=\"wdform-required\">*<\/span><\/div><div class=\"wdform-element-section wd-flex  wd-flex-row wd-width-100\" ><input type=\"text\" class=\"wd-width-100\" id=\"wdform_6_element18\" name=\"wdform_6_element18\" data-value=\"\" value=\"\" title=\"\" placeholder=\"\"   onchange=\"wd_check_email('6', '18', 'Questo non \u00e8 un indirizzo email valido.')\" \/><\/div><\/div><\/div><div wdid=\"4\" class=\"wdform_row\" style=\"position: relative; left: 0px; top: 0px;\"><div type=\"type_text\" class=\"wdform-field wd-width-100 wd-flex wd-flex-column fm-type_text\" ><div class=\"wdform-label-section wd-width-100  wd-flex-row wd-align-items-center\">    <label  for=\"wdform_4_element18\" class=\"wdform-label\">Cellulare<\/label><span class=\"wdform-required\">*<\/span><\/div><div class=\"wdform-element-section wd-flex  wd-flex-row wd-align-items-center wd-width-100\" ><input type=\"text\"                           class=\"wd-width-100\"                           id=\"wdform_4_element18\"                           name=\"wdform_4_element18\"                           value=\"\"                           data-value=\"\"                           title=\"\"                           placeholder=\"\"                                                       \/><\/div><\/div><\/div><\/div><div class=\"wdform_column\"><div wdid=\"5\" class=\"wdform_row\"><div type=\"type_textarea\" class=\"wdform-field wd-width-100 wd-flex wd-flex-column fm-type_textarea\" ><div class=\"wdform-label-section wd-width-100 \">    <label  for=\"wdform_5_element18\" class=\"wdform-label\">Dicci tutto!<\/label><span class=\"wdform-required\">*<\/span><\/div><div class=\"wdform-element-section wd-flex  wd-width-100\" ><textarea class=\"wd-width-100\"                      id=\"wdform_5_element18\"                      name=\"wdform_5_element18\"                      placeholder=\"\"                      data-value=\"\"                      maxlength=\"\"                      style=\"height: 200px;\"                      ><\/textarea><\/div><\/div><\/div><\/div><div class=\"wdform_column\"><div wdid=\"1\" class=\"wdform_row\"><div type=\"type_gdpr_compliance_checkbox\" class=\"wdform-field wd-width-100 wd-flex wd-flex-column fm-type_gdpr_compliance_checkbox\" ><div class=\"wdform-element-section wd-flex  wd-flex-row wd-justify-content-left wd-width-100\" ><label for=\"fm_privacy_policy18\" class=\"wdform-label\">                                       <input id=\"fm_privacy_policy18\" name=\"fm_privacy_policy18\" class=\"wd-flex-row fm-gdpr-checkbox\" onclick=\"fm_privacy_policy_check(this)\" type=\"checkbox\" value=\"1\">Acconsento - Ai sensi dell'art. 13 del Regolamento Europeo 2016\/679 in materia di protezione dei dati personali, la informiamo che UNIDAV, titolare del trattamento, tratter\u00e0 tutti i dati da lei inseriti con modalit\u00e0 manuali, informatiche e telematiche, per finalit\u00e0 connesse e strumentali all'esecuzione di quanto da lei richiestoci. L\u2019Informativa completa \u00e8 disponibile sul sito dell'Ateneo  <a href=\"https:\/\/www.unidav.it\/index.php\/privacy-policy\/\" target=\"_blank\">Privacy Policy<\/a> .<\/label><\/div><\/div><div type=\"type_submit_reset\" class=\"wdform-field wd-width-100 wd-flex wd-flex-column fm-type_submit_reset\" ><div class=\"wdform-element-section wd-flex  wd-flex-row wd-justify-content-left wd-width-100\" ><button disabled=\"disabled\" type=\"button\" class=\"button-submit\" onclick=\"fm_submit_form('18');\"  data-ajax=\"0\"><span class=\"fm-submit-loading spinner fm-ico-spinner\"><\/span>INVIA<\/button><button  type=\"button\" class=\"button-reset wd-hidden\" onclick=\"fm_reset_form(18);\" >Reset<\/button><\/div><\/div><\/div><\/div><\/div><div valign=\"top\" class=\"wdform_footer wd-width-100\"><div class=\"wd-width-100\"><div class=\"wd-width-100 wd-table\" style=\"padding-top:10px;\"><div class=\"wd-table-group\"><div id=\"18page_nav1\" class=\"wd-table-row\"><\/div><\/div><\/div><\/div><\/div><\/div><\/div><div class=\"wdform_preload\"><\/div><input type=\"hidden\" name=\"fm-current-page\" value=\"https:\/\/www.unidav.it\/index.php\/wp-json\/wp\/v2\/pages\/15990\" \/><\/form><\/div>\n","protected":false},"excerpt":{"rendered":"<p>Aiutaci a migliorare Aiutaci a migliorare la qualit\u00e0 dei nostri servizi, compila il modulo online per sottoporre all\u2019attenzione dell\u2019Ateneo un [&hellip;]<\/p>\n","protected":false},"author":1,"featured_media":14792,"parent":0,"menu_order":0,"comment_status":"closed","ping_status":"closed","template":"","meta":{"footnotes":"","_links_to":"","_links_to_target":""},"categories":[114],"tags":[],"class_list":["post-15990","page","type-page","status-publish","has-post-thumbnail","hentry","category-ateneo"],"yoast_head":"<!-- This site is optimized with the Yoast SEO plugin v26.7 - https:\/\/yoast.com\/wordpress\/plugins\/seo\/ -->\r\n<title>Aiutaci a migliorare - Unidav.it<\/title>\r\n<meta name=\"robots\" content=\"index, follow, max-snippet:-1, max-image-preview:large, max-video-preview:-1\" \/>\r\n<link rel=\"canonical\" href=\"https:\/\/www.unidav.it\/index.php\/aiutaci-a-migliorare\/\" \/>\r\n<meta property=\"og:locale\" content=\"it_IT\" \/>\r\n<meta property=\"og:type\" content=\"article\" \/>\r\n<meta property=\"og:title\" content=\"Aiutaci a migliorare - Unidav.it\" \/>\r\n<meta property=\"og:description\" content=\"Aiutaci a migliorare Aiutaci a migliorare la qualit\u00e0 dei nostri servizi, compila il modulo online per sottoporre all\u2019attenzione dell\u2019Ateneo un [&hellip;]\" \/>\r\n<meta property=\"og:url\" content=\"https:\/\/www.unidav.it\/index.php\/aiutaci-a-migliorare\/\" \/>\r\n<meta property=\"og:site_name\" content=\"Unidav.it\" \/>\r\n<meta property=\"article:publisher\" content=\"https:\/\/www.facebook.com\/unidav.it\/\" \/>\r\n<meta property=\"article:modified_time\" content=\"2022-08-09T13:45:05+00:00\" \/>\r\n<meta property=\"og:image\" content=\"https:\/\/www.unidav.it\/wp-content\/uploads\/Logo_Sfondo_FHD-Large.jpg\" \/>\r\n\t<meta property=\"og:image:width\" content=\"1920\" \/>\r\n\t<meta property=\"og:image:height\" content=\"1080\" \/>\r\n\t<meta property=\"og:image:type\" content=\"image\/jpeg\" \/>\r\n<meta name=\"twitter:card\" content=\"summary_large_image\" \/>\r\n<script type=\"application\/ld+json\" class=\"yoast-schema-graph\">{\"@context\":\"https:\/\/schema.org\",\"@graph\":[{\"@type\":\"WebPage\",\"@id\":\"https:\/\/www.unidav.it\/index.php\/aiutaci-a-migliorare\/\",\"url\":\"https:\/\/www.unidav.it\/index.php\/aiutaci-a-migliorare\/\",\"name\":\"Aiutaci a migliorare - Unidav.it\",\"isPartOf\":{\"@id\":\"https:\/\/www.unidav.it\/#website\"},\"primaryImageOfPage\":{\"@id\":\"https:\/\/www.unidav.it\/index.php\/aiutaci-a-migliorare\/#primaryimage\"},\"image\":{\"@id\":\"https:\/\/www.unidav.it\/index.php\/aiutaci-a-migliorare\/#primaryimage\"},\"thumbnailUrl\":\"https:\/\/www.unidav.it\/wp-content\/uploads\/Logo_Sfondo_FHD-Large.jpg\",\"datePublished\":\"2021-04-28T13:08:15+00:00\",\"dateModified\":\"2022-08-09T13:45:05+00:00\",\"breadcrumb\":{\"@id\":\"https:\/\/www.unidav.it\/index.php\/aiutaci-a-migliorare\/#breadcrumb\"},\"inLanguage\":\"it-IT\",\"potentialAction\":[{\"@type\":\"ReadAction\",\"target\":[\"https:\/\/www.unidav.it\/index.php\/aiutaci-a-migliorare\/\"]}]},{\"@type\":\"ImageObject\",\"inLanguage\":\"it-IT\",\"@id\":\"https:\/\/www.unidav.it\/index.php\/aiutaci-a-migliorare\/#primaryimage\",\"url\":\"https:\/\/www.unidav.it\/wp-content\/uploads\/Logo_Sfondo_FHD-Large.jpg\",\"contentUrl\":\"https:\/\/www.unidav.it\/wp-content\/uploads\/Logo_Sfondo_FHD-Large.jpg\",\"width\":1920,\"height\":1080},{\"@type\":\"BreadcrumbList\",\"@id\":\"https:\/\/www.unidav.it\/index.php\/aiutaci-a-migliorare\/#breadcrumb\",\"itemListElement\":[{\"@type\":\"ListItem\",\"position\":1,\"name\":\"Home\",\"item\":\"https:\/\/www.unidav.it\/\"},{\"@type\":\"ListItem\",\"position\":2,\"name\":\"Aiutaci a migliorare\"}]},{\"@type\":\"WebSite\",\"@id\":\"https:\/\/www.unidav.it\/#website\",\"url\":\"https:\/\/www.unidav.it\/\",\"name\":\"Unidav.it\",\"description\":\"Universit\u00e0 Digitale Leonardo da Vinci\",\"potentialAction\":[{\"@type\":\"SearchAction\",\"target\":{\"@type\":\"EntryPoint\",\"urlTemplate\":\"https:\/\/www.unidav.it\/?s={search_term_string}\"},\"query-input\":{\"@type\":\"PropertyValueSpecification\",\"valueRequired\":true,\"valueName\":\"search_term_string\"}}],\"inLanguage\":\"it-IT\"}]}<\/script>\r\n<!-- \/ Yoast SEO plugin. -->","yoast_head_json":{"title":"Aiutaci a migliorare - Unidav.it","robots":{"index":"index","follow":"follow","max-snippet":"max-snippet:-1","max-image-preview":"max-image-preview:large","max-video-preview":"max-video-preview:-1"},"canonical":"https:\/\/www.unidav.it\/index.php\/aiutaci-a-migliorare\/","og_locale":"it_IT","og_type":"article","og_title":"Aiutaci a migliorare - Unidav.it","og_description":"Aiutaci a migliorare Aiutaci a migliorare la qualit\u00e0 dei nostri servizi, compila il modulo online per sottoporre all\u2019attenzione dell\u2019Ateneo un [&hellip;]","og_url":"https:\/\/www.unidav.it\/index.php\/aiutaci-a-migliorare\/","og_site_name":"Unidav.it","article_publisher":"https:\/\/www.facebook.com\/unidav.it\/","article_modified_time":"2022-08-09T13:45:05+00:00","og_image":[{"width":1920,"height":1080,"url":"https:\/\/www.unidav.it\/wp-content\/uploads\/Logo_Sfondo_FHD-Large.jpg","type":"image\/jpeg"}],"twitter_card":"summary_large_image","schema":{"@context":"https:\/\/schema.org","@graph":[{"@type":"WebPage","@id":"https:\/\/www.unidav.it\/index.php\/aiutaci-a-migliorare\/","url":"https:\/\/www.unidav.it\/index.php\/aiutaci-a-migliorare\/","name":"Aiutaci a migliorare - Unidav.it","isPartOf":{"@id":"https:\/\/www.unidav.it\/#website"},"primaryImageOfPage":{"@id":"https:\/\/www.unidav.it\/index.php\/aiutaci-a-migliorare\/#primaryimage"},"image":{"@id":"https:\/\/www.unidav.it\/index.php\/aiutaci-a-migliorare\/#primaryimage"},"thumbnailUrl":"https:\/\/www.unidav.it\/wp-content\/uploads\/Logo_Sfondo_FHD-Large.jpg","datePublished":"2021-04-28T13:08:15+00:00","dateModified":"2022-08-09T13:45:05+00:00","breadcrumb":{"@id":"https:\/\/www.unidav.it\/index.php\/aiutaci-a-migliorare\/#breadcrumb"},"inLanguage":"it-IT","potentialAction":[{"@type":"ReadAction","target":["https:\/\/www.unidav.it\/index.php\/aiutaci-a-migliorare\/"]}]},{"@type":"ImageObject","inLanguage":"it-IT","@id":"https:\/\/www.unidav.it\/index.php\/aiutaci-a-migliorare\/#primaryimage","url":"https:\/\/www.unidav.it\/wp-content\/uploads\/Logo_Sfondo_FHD-Large.jpg","contentUrl":"https:\/\/www.unidav.it\/wp-content\/uploads\/Logo_Sfondo_FHD-Large.jpg","width":1920,"height":1080},{"@type":"BreadcrumbList","@id":"https:\/\/www.unidav.it\/index.php\/aiutaci-a-migliorare\/#breadcrumb","itemListElement":[{"@type":"ListItem","position":1,"name":"Home","item":"https:\/\/www.unidav.it\/"},{"@type":"ListItem","position":2,"name":"Aiutaci a migliorare"}]},{"@type":"WebSite","@id":"https:\/\/www.unidav.it\/#website","url":"https:\/\/www.unidav.it\/","name":"Unidav.it","description":"Universit\u00e0 Digitale Leonardo da Vinci","potentialAction":[{"@type":"SearchAction","target":{"@type":"EntryPoint","urlTemplate":"https:\/\/www.unidav.it\/?s={search_term_string}"},"query-input":{"@type":"PropertyValueSpecification","valueRequired":true,"valueName":"search_term_string"}}],"inLanguage":"it-IT"}]}},"_links":{"self":[{"href":"https:\/\/www.unidav.it\/index.php\/wp-json\/wp\/v2\/pages\/15990","targetHints":{"allow":["GET"]}}],"collection":[{"href":"https:\/\/www.unidav.it\/index.php\/wp-json\/wp\/v2\/pages"}],"about":[{"href":"https:\/\/www.unidav.it\/index.php\/wp-json\/wp\/v2\/types\/page"}],"author":[{"embeddable":true,"href":"https:\/\/www.unidav.it\/index.php\/wp-json\/wp\/v2\/users\/1"}],"replies":[{"embeddable":true,"href":"https:\/\/www.unidav.it\/index.php\/wp-json\/wp\/v2\/comments?post=15990"}],"version-history":[{"count":0,"href":"https:\/\/www.unidav.it\/index.php\/wp-json\/wp\/v2\/pages\/15990\/revisions"}],"wp:featuredmedia":[{"embeddable":true,"href":"https:\/\/www.unidav.it\/index.php\/wp-json\/wp\/v2\/media\/14792"}],"wp:attachment":[{"href":"https:\/\/www.unidav.it\/index.php\/wp-json\/wp\/v2\/media?parent=15990"}],"wp:term":[{"taxonomy":"category","embeddable":true,"href":"https:\/\/www.unidav.it\/index.php\/wp-json\/wp\/v2\/categories?post=15990"},{"taxonomy":"post_tag","embeddable":true,"href":"https:\/\/www.unidav.it\/index.php\/wp-json\/wp\/v2\/tags?post=15990"}],"curies":[{"name":"wp","href":"https:\/\/api.w.org\/{rel}","templated":true}]}}