{"id":13987,"date":"2020-05-15T11:57:46","date_gmt":"2020-05-15T09:57:46","guid":{"rendered":"http:\/\/offertaformativa.unidav.it\/?page_id=13987"},"modified":"2025-11-14T09:59:39","modified_gmt":"2025-11-14T08:59:39","slug":"privacy-policy","status":"publish","type":"page","link":"https:\/\/www.unidav.it\/index.php\/privacy-policy\/","title":{"rendered":"Privacy Policy"},"content":{"rendered":"<h3><span style=\"color: #000080;\">PRIVACY POLICY \u2013 PORTALE UNIDAV<\/span><\/h3>\n<p style=\"font-weight: 400;\"><strong>INFORMATIVA PER IL TRATTAMENTO DEI DATI PERSONALI<\/strong><\/p>\n<div>\n<p class=\"FirstParagraph\"><span lang=\"EN-US\">(Ai sensi dell\u2019Art.\u00a013 del Regolamento (UE) n.\u00a02016\/679)<\/span><\/p>\n<\/div>\n<div>\n<p style=\"text-align: justify;\"><span lang=\"EN-US\">L\u2019Universit\u00e0 Telematica \u201cLeonardo da Vinci\u201d \u2013 UniDav, con sede legale in Piazza San Rocco n. 2, 66010 Torrevecchia Teatina (CH), in qualit\u00e0 di Titolare del trattamento, informa che la presente informativa \u00e8 rivolta a tutti gli utenti che interagiscono con il Portale dell\u2019Ateneo, accessibile all\u2019indirizzo <\/span><a href=\"http:\/\/www.unidav.it\/\" target=\"_new\"><span lang=\"EN-US\">www.unidav.it<\/span><\/a><span lang=\"EN-US\">, e con i siti che fanno parte del Sistema Portale di Ateneo.<\/span>I dati personali forniti volontariamente dagli utenti saranno trattati dall\u2019Ateneo nel rispetto della normativa vigente in materia di protezione dei dati personali e in conformit\u00e0 ai principi di <strong>liceit\u00e0, correttezza, trasparenza e riservatezza<\/strong> che ne guidano l\u2019attivit\u00e0 istituzionale.<\/p>\n<\/div>\n<div>\n<p style=\"text-align: justify;\">La presente informativa non si estende ad altri siti web eventualmente consultati tramite link esterni presenti nel Portale, per i quali UniDav non pu\u00f2 essere ritenuta responsabile.<\/p>\n<\/div>\n<hr \/>\n<h4><span style=\"color: #000080;\">1. Oggetto del trattamento<\/span><\/h4>\n<hr \/>\n<p style=\"font-weight: 400; text-align: justify;\">Ai sensi dell\u2019art.\u00a013 del GDPR, UniDaV comunica che i dati personali conferiti dagli utenti (aspiranti studenti, matricole, studenti iscritti a tutti i corsi, master e laureati) sono trattati dalle Segreterie Studenti, dal Servizio gestione sistemi tecnologici, dai docenti, dai tutor e dalle presidenze dei corsi di laurea. In particolare, saranno trattati:<\/p>\n<ol style=\"text-align: justify;\">\n<li><strong>Dati anagrafici forniti direttamente dagli utenti<\/strong> all\u2019atto della registrazione sul portale (es. Form di riconoscimento crediti, segreteria on\u2011line), al momento dell\u2019immatricolazione o della presentazione di domande di laurea, master e corsi di perfezionamento;<\/li>\n<li><strong>Dati fiscali e retributivi<\/strong> inseriti on\u2011line all\u2019atto di immatricolazione o di iscrizione ad anni successivi o forniti tramite autocertificazione per il pagamento delle tasse universitarie;<\/li>\n<li><strong>Dati forniti di volta in volta<\/strong> dagli utenti in relazione ai servizi richiesti;<\/li>\n<li><strong>Dati relativi alla carriera universitaria<\/strong> trattati esclusivamente per il perseguimento delle finalit\u00e0 istituzionali dell\u2019Ateneo, per adempiere agli obblighi di legge e per l\u2019erogazione degli specifici servizi richiesti.<\/li>\n<li><strong>Dati di navigazione<\/strong>. I sistemi informatici e le procedure software preposte al funzionamento del Portale acquisiscono, nel corso del loro normale esercizio, alcuni dati personali la cui trasmissione \u00e8 implicita nell\u2019uso dei protocolli di comunicazione di Internet (ad esempio indirizzi IP, nomi di dominio dei computer utilizzati dagli utenti, URI delle risorse richieste, orari della richiesta, dimensione dei file ottenuti in risposta, codice numerico indicante lo stato della risposta del server e altri parametri relativi al sistema operativo e all\u2019ambiente informatico dell\u2019utente).;<\/li>\n<\/ol>\n<p style=\"font-weight: 400; text-align: justify;\"><strong>Dati<\/strong><span style=\"font-weight: 400;\"> <strong>Registrazioni audio-video.<\/strong> Durante lo svolgimento degli esami in modalit\u00e0 telematica o di attivit\u00e0 didattiche online, l\u2019Ateneo pu\u00f2 procedere alla registrazione audio e\/o video esclusivamente per finalit\u00e0 didattiche, organizzative e di sicurezza, nel rispetto dei principi di liceit\u00e0, proporzionalit\u00e0 e minimizzazione. Le registrazioni non comportano l\u2019uso di sistemi automatizzati di riconoscimento facciale o di analisi biometrica e, pertanto, <strong>non costituiscono trattamento di dati biometrici<\/strong> ai sensi dell\u2019art. 9 GDPR.<\/span><\/p>\n<h4><\/h4>\n<hr \/>\n<div>\n<h4><span lang=\"EN-US\" style=\"color: #000080;\">2. Finalit\u00e0 del trattamento<\/span><\/h4>\n<\/div>\n<div>\n<p style=\"font-weight: 400; text-align: justify;\">I dati personali da Lei forniti sono trattati dall\u2019Universit\u00e0 Telematica \u201cLeonardo da Vinci\u201d \u2013 UniDav per le seguenti finalit\u00e0:<\/p>\n<ol style=\"text-align: justify;\">\n<li style=\"font-weight: 400;\"><strong>a)<\/strong> Consentire e gestire la Sua iscrizione o immatricolazione all\u2019Ateneo, incluse le attivit\u00e0 preliminari di valutazione e gestione amministrativa connesse alla domanda di ammissione e all\u2019instaurazione del rapporto con l\u2019Universit\u00e0.<\/li>\n<li style=\"font-weight: 400;\"><strong>b)<\/strong> Consentire di usufruire dei servizi specifici, necessari, indispensabili e strumentali al servizio richiesto (ad esempio la prevalutazione dei crediti), alla formazione e al regolare svolgimento del percorso di studi e della vita universitaria a distanza, nonch\u00e9 di tutte le attivit\u00e0 riservate agli studenti iscritti.<br \/>\nRientrano tra tali servizi, a titolo esemplificativo e non esaustivo, l\u2019accesso alla piattaforma didattica, ai tool tecnologici di e-learning, ai servizi di interazione con tutor e studenti, ai servizi di segreteria e di orientamento amministrativo e contabile, l\u2019utilizzo di strumenti di social networking, videoconferenza e chat, nonch\u00e9 il monitoraggio dell\u2019apprendimento e la reportistica sulle attivit\u00e0 formative svolte.<br \/>\nNell\u2019ambito dello svolgimento degli esami in modalit\u00e0 telematica, l\u2019Ateneo potr\u00e0 inoltre procedere, ove necessario, alla verifica della registrazione e alla registrazione occasionale delle prove, esclusivamente per finalit\u00e0 organizzative e di controllo, nel rispetto dei principi di proporzionalit\u00e0 e minimizzazione.<\/li>\n<li style=\"font-weight: 400;\"><strong>c)<\/strong> Per finalit\u00e0 amministrativo-contabili e didattiche, nonch\u00e9 per l\u2019adempimento di obblighi previsti dalla normativa vigente, dai regolamenti universitari e dalla disciplina applicabile al settore dell\u2019istruzione superiore.<\/li>\n<li style=\"font-weight: 400;\"><strong>d)<\/strong> Per attivit\u00e0 di marketing, previo Suo specifico consenso, come ad esempio l\u2019invio di comunicazioni informative e promozionali (ivi compresa la newsletter), di materiale pubblicitario o di offerte didattiche, con qualsiasi mezzo \u2013 posta, Internet, telefono, e-mail, MMS o SMS \u2013 da parte dell\u2019Ateneo o di partner didattici di UniDav.<\/li>\n<\/ol>\n<p style=\"font-weight: 400; text-align: justify;\">Si precisa che, per le finalit\u00e0 indicate ai punti<strong> a), b) <\/strong>e <strong>c)<\/strong><strong>,<\/strong> il conferimento dei dati personali \u00e8 <strong>obbligatorio<\/strong><strong>.<\/strong><br \/>\nL\u2019eventuale mancato conferimento, cos\u00ec come la comunicazione di dati inesatti o incompleti, comporterebbe l\u2019impossibilit\u00e0 per l\u2019Ateneo di adempiere correttamente alle proprie funzioni e, in particolare:<\/p>\n<ul style=\"text-align: justify;\">\n<li>in relazione alla <strong>finalit\u00e0 di cui al punto a)<\/strong>, di procedere alla Sua adesione o iscrizione all\u2019Ateneo, ai sensi dell\u2019art. 6, par. 1, lett. <strong>b)<\/strong> del Regolamento (UE) 2016\/679;<\/li>\n<li>in relazione alla <strong>finalit\u00e0 di cui al punto b)<\/strong><strong>,<\/strong> di consentirLe l\u2019accesso ai servizi e lo svolgimento delle attivit\u00e0 richieste, ai sensi dell\u2019art. 6, par. 1, lett. <strong>b)<\/strong> del medesimo Regolamento;<\/li>\n<li>in relazione alla <strong>finalit\u00e0 di cui al punto c)<\/strong><strong>,<\/strong> di eseguire le attivit\u00e0 di natura amministrativo-contabile e adempiere agli obblighi normativi vigenti, ai sensi dell\u2019art. 6, par. 1, lett. <strong>c)<\/strong> del Regolamento (UE) 2016\/679.<\/li>\n<\/ul>\n<p style=\"font-weight: 400; text-align: justify;\">Per quanto riguarda invece le finalit\u00e0 di cui ai punti <strong>d)<\/strong><strong>, e)<\/strong> ed <strong>f)<\/strong>, il conferimento dei dati personali e il relativo consenso al trattamento sono <strong>facoltativi<\/strong> e potranno essere espressi liberamente. L\u2019eventuale mancato consenso non pregiudicher\u00e0 in alcun modo l\u2019instaurazione o la prosecuzione del rapporto con l\u2019Ateneo.<\/p>\n<\/div>\n<hr \/>\n<div>\n<h4><span lang=\"EN-US\" style=\"color: #003366;\">3. Modalit\u00e0 del trattamento<\/span><\/h4>\n<hr \/>\n<\/div>\n<div>\n<div>\n<p style=\"text-align: justify;\">Il trattamento dei Suoi Dati Personali verr\u00e0 effettuato mediante idonei strumenti cartacei, elettronici e\/o telematici, con logiche strettamente correlate alle finalit\u00e0 di cui sopra e, comunque, in modo tale da garantire la sicurezza e riservatezza dei Dati stessi. I Suoi Dati Personali sono trattati con l\u2019ausilio di strumenti informatici in modo lecito e secondo correttezza per l&#8217;espletamento delle finalit\u00e0 sopra indicate e sono protetti con idonee misure di sicurezza che ne garantiscano la riservatezza, l\u2019integrit\u00e0, l\u2019esattezza, la disponibilit\u00e0 e l\u2019aggiornamento.<\/p>\n<\/div>\n<div>\n<p class=\"FirstParagraph\" style=\"text-align: justify;\"><span lang=\"EN-US\">I dati personali degli utenti potranno essere conosciuti e trattati, nel rispetto della normativa vigente, dai dipendenti dell\u2019Ateneo incaricati del trattamento (es. personale delle Segreterie Studenti) e potranno essere comunicati ad uffici interni. Potranno inoltre essere comunicati a soggetti pubblici o privati (ad es. MIUR, Ministero delle Finanze, CINECA) quando la comunicazione \u00e8 necessaria per lo svolgimento delle funzioni istituzionali o per agevolare l\u2019orientamento, la formazione e l\u2019inserimento lavorativo e professionale degli studenti e dei laureati. I dati sensibili e giudiziari saranno comunicati solo ove previsto da norme di legge o regolamento.<\/span><\/p>\n<\/div>\n<\/div>\n<hr \/>\n<div>\n<h4><span lang=\"EN-US\" style=\"color: #003366;\">4. Durata del trattamento e conservazione dei dati<\/span><\/h4>\n<\/div>\n<div>\n<hr \/>\n<p style=\"font-weight: 400; text-align: justify;\">I dati personali saranno trattati per il periodo strettamente necessario al raggiungimento delle finalit\u00e0 per le quali sono stati raccolti. In particolare:<\/p>\n<ul style=\"font-weight: 400; text-align: justify;\">\n<li>per le finalit\u00e0 di cui alle lettere a), b) e c) del paragrafo 2 \u201cFinalit\u00e0 del trattamento\u201d, i dati saranno trattati per tutto il tempo in cui perdura il rapporto con l\u2019Ateneo;<\/li>\n<li>per la finalit\u00e0 di cui alla lettera d), i dati saranno trattati fino all\u2019eventuale revoca del consenso da parte dell\u2019interessato.<\/li>\n<\/ul>\n<p style=\"font-weight: 400; text-align: justify;\">Al termine del periodo di trattamento, i dati saranno conservati esclusivamente per il tempo necessario all\u2019adempimento degli obblighi di legge e di regolamento o per la tutela dei diritti dell\u2019Ateneo, nel rispetto dei principi di proporzionalit\u00e0 e minimizzazione. Trascorsi tali termini, i dati saranno cancellati.<\/p>\n<\/div>\n<hr \/>\n<h4><span style=\"color: #003366;\">5. Diritti dell\u2019interessato<\/span><\/h4>\n<hr \/>\n<p style=\"font-weight: 400; text-align: justify;\">L\u2019interessato pu\u00f2 esercitare in qualsiasi momento i diritti riconosciuti dagli artt.\u00a015\u201322 del GDPR, tra cui:<\/p>\n<ul>\n<li style=\"text-align: justify;\"><strong>Diritto di accesso e di conoscenza<\/strong>: sapere se sono in corso trattamenti di dati personali che lo riguardano, l\u2019origine dei dati, le finalit\u00e0 e le modalit\u00e0 del trattamento, la logica applicata in caso di trattamenti automatizzati e gli estremi identificativi del titolare, dei responsabili e dei destinatari dei dati.<\/li>\n<li style=\"text-align: justify;\"><strong>Diritto di rettifica e integrazione<\/strong> dei dati inesatti o incompleti.<\/li>\n<li style=\"text-align: justify;\"><strong>Diritto alla cancellazione<\/strong> (\u201cdiritto all\u2019oblio\u201d), alla trasformazione in forma anonima o al blocco dei dati trattati in violazione di legge.<\/li>\n<li style=\"text-align: justify;\"><strong>Diritto alla limitazione del trattamento<\/strong> quando ricorrono le condizioni previste dall\u2019art.\u00a018 del GDPR.<\/li>\n<li style=\"text-align: justify;\"><strong>Diritto di opposizione<\/strong> per motivi legittimi al trattamento dei dati personali che lo riguardano, nonch\u00e9 al trattamento per finalit\u00e0 di marketing.<\/li>\n<li style=\"text-align: justify;\"><strong>Diritto alla portabilit\u00e0 dei dati<\/strong>: ricevere i propri dati in formato strutturato, di uso comune e leggibile da dispositivo automatico e trasmetterli a un altro titolare.<\/li>\n<li style=\"text-align: justify;\"><strong>Diritto di revocare il consenso<\/strong> prestato per trattamenti facoltativi in qualsiasi momento, senza pregiudicare la liceit\u00e0 del trattamento basata sul consenso prima della revoca.<\/li>\n<li style=\"text-align: justify;\"><strong>Diritto di reclamo<\/strong>: proporre reclamo all\u2019Autorit\u00e0 Garante per la protezione dei dati personali qualora ritenga che il trattamento avvenga in violazione della normativa vigente.<\/li>\n<\/ul>\n<div>\n<hr \/>\n<h4><span lang=\"EN-US\" style=\"color: #003366;\">6. Modalit\u00e0 di esercizio dei diritti<\/span><\/h4>\n<hr \/>\n<\/div>\n<div>\n<div>\n<p class=\"FirstParagraph\" style=\"text-align: justify;\"><span lang=\"EN-US\">L\u2019interessato pu\u00f2 esercitare i propri diritti inviando una richiesta a mezzo raccomandata A\/R presso la sede del Titolare oppure scrivendo alla PEC <\/span><span lang=\"EN-US\"><a href=\"mailto:segreteria@pec.unidav.it\"><b>segreteria@pec.unidav.it<\/b><\/a><\/span><b> <\/b><span lang=\"EN-US\">. In alternativa, per questioni inerenti al trattamento dei dati personali e all\u2019esercizio dei diritti, \u00e8 possibile rivolgersi al Responsabile della Protezione dei Dati (DPO) ai recapiti indicati al paragrafo 8.<\/span><\/p>\n<\/div>\n<\/div>\n<hr \/>\n<div>\n<h4><span lang=\"EN-US\" style=\"color: #003366;\">7. Titolare del trattamento<\/span><\/h4>\n<hr \/>\n<\/div>\n<div>\n<div>\n<p class=\"FirstParagraph\"><span lang=\"EN-US\">Il Titolare del trattamento \u00e8 l\u2019Universit\u00e0 Telematica \u201cLeonardo\u00a0da\u00a0Vinci\u201d, nella persona del legale rappresentante pro\u00a0tempore.<\/span><\/p>\n<\/div>\n<div>\n<p class=\"FirstParagraph\"><span lang=\"EN-US\">Sede legale: Piazza\u00a0San\u00a0Rocco\u00a02 \u2013 66010 Torrevecchia\u00a0Teatina (CH) \u2013 Italia.<br \/>\nPEC: <\/span><span lang=\"EN-US\"><a href=\"mailto:segreteria@pec.unidav.it\">segreteria@pec.unidav.it<\/a><\/span><span lang=\"EN-US\">. <\/span><\/p>\n<\/div>\n<\/div>\n<div>\n<hr \/>\n<h4><span lang=\"EN-US\" style=\"color: #000080;\">8. Responsabile della Protezione dei Dati (RPD\/DPO)<\/span><\/h4>\n<hr \/>\n<\/div>\n<div>\n<div>\n<p class=\"FirstParagraph\" style=\"text-align: justify;\"><span lang=\"EN-US\">Ai sensi degli artt.\u00a037 e\u00a038 del GDPR, UniDaV ha designato quale Responsabile della Protezione dei Dati la Societ\u00e0\u00a0Training\u00a0Consulting\u00a0scs, con sede in via\u00a0dei\u00a0Mulinari\u00a039, 65017\u00a0Penne\u00a0(PE). <\/span><\/p>\n<\/div>\n<div style=\"text-align: justify;\">\n<p class=\"FirstParagraph\"><span lang=\"EN-US\">La referente interna nominata \u00e8 la dott.ssa\u00a0Martina\u00a0Cianci. Per qualsiasi informazione o richiesta riguardante il trattamento dei dati personali (esercizio dei diritti, chiarimenti sull\u2019informativa, segnalazioni) \u00e8 possibile contattare il DPO.<\/span><\/p>\n<\/div>\n<div>\n<p class=\"FirstParagraph\" style=\"text-align: justify;\"><span lang=\"EN-US\">all\u2019indirizzo <\/span><span lang=\"EN-US\"><a href=\"mailto:info@tec-scs.com\">info@tec-scs.com<\/a><\/span><span lang=\"EN-US\"> o al telefono\u00a0085\u00a0843\u00a01017.<\/span><\/p>\n<\/div>\n<\/div>\n<hr \/>\n<div>\n<h4><span lang=\"EN-US\" style=\"color: #003366;\">9. Cookie policy<\/span><\/h4>\n<hr \/>\n<\/div>\n<div>\n<div>\n<p class=\"FirstParagraph\" style=\"text-align: justify;\"><span lang=\"EN-US\">Il sito <\/span><span lang=\"EN-US\"><a href=\"http:\/\/www.unidav.it\/\">www.unidav.it<\/a><\/span><span lang=\"EN-US\"> utilizza cookie tecnici necessari al corretto funzionamento e, previo consenso, cookie di terze parti per analisi statistiche e per l\u2019integrazione di contenuti provenienti da piattaforme esterne (es. Google\u00a0Analytics, YouTube, social network). L\u2019uso dei cookie \u00e8 disciplinato dal Provvedimento del Garante per la protezione dei dati personali n.\u00a0229\/2014. Per maggiori informazioni sulle tipologie di cookie utilizzate, sulle relative finalit\u00e0, sulla loro durata e sulle modalit\u00e0 di gestione o disattivazione, si invita a consultare la Informativa estesa sui cookie disponibile sul sito.<\/span><\/p>\n<\/div>\n<\/div>\n<hr \/>\n<div>\n<p class=\"FirstParagraph\" style=\"text-align: center;\"><strong><i><span lang=\"EN-US\">Aggiornamento: novembre 2025.<\/span><\/i><span lang=\"EN-US\"> Questa informativa sostituisce quella precedentemente pubblicata nella sezione \u201cAmministrazione Trasparente\u201d. Eventuali successive modifiche saranno rese disponibili attraverso il Portale UniDaV.<\/span><\/strong><\/p>\n<\/div>\n","protected":false},"excerpt":{"rendered":"<p>PRIVACY POLICY \u2013 PORTALE UNIDAV INFORMATIVA PER IL TRATTAMENTO DEI DATI PERSONALI (Ai sensi dell\u2019Art.\u00a013 del Regolamento (UE) n.\u00a02016\/679) L\u2019Universit\u00e0 [&hellip;]<\/p>\n","protected":false},"author":1,"featured_media":0,"parent":0,"menu_order":0,"comment_status":"closed","ping_status":"closed","template":"","meta":{"footnotes":"","_links_to":"","_links_to_target":""},"categories":[],"tags":[],"class_list":["post-13987","page","type-page","status-publish","hentry"],"yoast_head":"<!-- This site is optimized with the Yoast SEO plugin v26.7 - https:\/\/yoast.com\/wordpress\/plugins\/seo\/ -->\r\n<title>Privacy Policy - Unidav.it<\/title>\r\n<meta name=\"robots\" content=\"index, follow, max-snippet:-1, max-image-preview:large, max-video-preview:-1\" \/>\r\n<link rel=\"canonical\" href=\"https:\/\/www.unidav.it\/index.php\/privacy-policy\/\" \/>\r\n<meta property=\"og:locale\" content=\"it_IT\" \/>\r\n<meta property=\"og:type\" content=\"article\" \/>\r\n<meta property=\"og:title\" content=\"Privacy Policy - Unidav.it\" \/>\r\n<meta property=\"og:description\" content=\"PRIVACY POLICY \u2013 PORTALE UNIDAV INFORMATIVA PER IL TRATTAMENTO DEI DATI PERSONALI (Ai sensi dell\u2019Art.\u00a013 del Regolamento (UE) n.\u00a02016\/679) L\u2019Universit\u00e0 [&hellip;]\" \/>\r\n<meta property=\"og:url\" content=\"https:\/\/www.unidav.it\/index.php\/privacy-policy\/\" \/>\r\n<meta property=\"og:site_name\" content=\"Unidav.it\" \/>\r\n<meta property=\"article:publisher\" content=\"https:\/\/www.facebook.com\/unidav.it\/\" \/>\r\n<meta property=\"article:modified_time\" content=\"2025-11-14T08:59:39+00:00\" \/>\r\n<meta name=\"twitter:card\" content=\"summary_large_image\" \/>\r\n<meta name=\"twitter:label1\" content=\"Tempo di lettura stimato\" \/>\n\t<meta name=\"twitter:data1\" content=\"10 minuti\" \/>\r\n<script type=\"application\/ld+json\" class=\"yoast-schema-graph\">{\"@context\":\"https:\/\/schema.org\",\"@graph\":[{\"@type\":\"WebPage\",\"@id\":\"https:\/\/www.unidav.it\/index.php\/privacy-policy\/\",\"url\":\"https:\/\/www.unidav.it\/index.php\/privacy-policy\/\",\"name\":\"Privacy Policy - Unidav.it\",\"isPartOf\":{\"@id\":\"https:\/\/www.unidav.it\/#website\"},\"datePublished\":\"2020-05-15T09:57:46+00:00\",\"dateModified\":\"2025-11-14T08:59:39+00:00\",\"breadcrumb\":{\"@id\":\"https:\/\/www.unidav.it\/index.php\/privacy-policy\/#breadcrumb\"},\"inLanguage\":\"it-IT\",\"potentialAction\":[{\"@type\":\"ReadAction\",\"target\":[\"https:\/\/www.unidav.it\/index.php\/privacy-policy\/\"]}]},{\"@type\":\"BreadcrumbList\",\"@id\":\"https:\/\/www.unidav.it\/index.php\/privacy-policy\/#breadcrumb\",\"itemListElement\":[{\"@type\":\"ListItem\",\"position\":1,\"name\":\"Home\",\"item\":\"https:\/\/www.unidav.it\/\"},{\"@type\":\"ListItem\",\"position\":2,\"name\":\"Privacy Policy\"}]},{\"@type\":\"WebSite\",\"@id\":\"https:\/\/www.unidav.it\/#website\",\"url\":\"https:\/\/www.unidav.it\/\",\"name\":\"Unidav.it\",\"description\":\"Universit\u00e0 Digitale Leonardo da Vinci\",\"potentialAction\":[{\"@type\":\"SearchAction\",\"target\":{\"@type\":\"EntryPoint\",\"urlTemplate\":\"https:\/\/www.unidav.it\/?s={search_term_string}\"},\"query-input\":{\"@type\":\"PropertyValueSpecification\",\"valueRequired\":true,\"valueName\":\"search_term_string\"}}],\"inLanguage\":\"it-IT\"}]}<\/script>\r\n<!-- \/ Yoast SEO plugin. -->","yoast_head_json":{"title":"Privacy Policy - Unidav.it","robots":{"index":"index","follow":"follow","max-snippet":"max-snippet:-1","max-image-preview":"max-image-preview:large","max-video-preview":"max-video-preview:-1"},"canonical":"https:\/\/www.unidav.it\/index.php\/privacy-policy\/","og_locale":"it_IT","og_type":"article","og_title":"Privacy Policy - Unidav.it","og_description":"PRIVACY POLICY \u2013 PORTALE UNIDAV INFORMATIVA PER IL TRATTAMENTO DEI DATI PERSONALI (Ai sensi dell\u2019Art.\u00a013 del Regolamento (UE) n.\u00a02016\/679) L\u2019Universit\u00e0 [&hellip;]","og_url":"https:\/\/www.unidav.it\/index.php\/privacy-policy\/","og_site_name":"Unidav.it","article_publisher":"https:\/\/www.facebook.com\/unidav.it\/","article_modified_time":"2025-11-14T08:59:39+00:00","twitter_card":"summary_large_image","twitter_misc":{"Tempo di lettura stimato":"10 minuti"},"schema":{"@context":"https:\/\/schema.org","@graph":[{"@type":"WebPage","@id":"https:\/\/www.unidav.it\/index.php\/privacy-policy\/","url":"https:\/\/www.unidav.it\/index.php\/privacy-policy\/","name":"Privacy Policy - Unidav.it","isPartOf":{"@id":"https:\/\/www.unidav.it\/#website"},"datePublished":"2020-05-15T09:57:46+00:00","dateModified":"2025-11-14T08:59:39+00:00","breadcrumb":{"@id":"https:\/\/www.unidav.it\/index.php\/privacy-policy\/#breadcrumb"},"inLanguage":"it-IT","potentialAction":[{"@type":"ReadAction","target":["https:\/\/www.unidav.it\/index.php\/privacy-policy\/"]}]},{"@type":"BreadcrumbList","@id":"https:\/\/www.unidav.it\/index.php\/privacy-policy\/#breadcrumb","itemListElement":[{"@type":"ListItem","position":1,"name":"Home","item":"https:\/\/www.unidav.it\/"},{"@type":"ListItem","position":2,"name":"Privacy Policy"}]},{"@type":"WebSite","@id":"https:\/\/www.unidav.it\/#website","url":"https:\/\/www.unidav.it\/","name":"Unidav.it","description":"Universit\u00e0 Digitale Leonardo da Vinci","potentialAction":[{"@type":"SearchAction","target":{"@type":"EntryPoint","urlTemplate":"https:\/\/www.unidav.it\/?s={search_term_string}"},"query-input":{"@type":"PropertyValueSpecification","valueRequired":true,"valueName":"search_term_string"}}],"inLanguage":"it-IT"}]}},"_links":{"self":[{"href":"https:\/\/www.unidav.it\/index.php\/wp-json\/wp\/v2\/pages\/13987","targetHints":{"allow":["GET"]}}],"collection":[{"href":"https:\/\/www.unidav.it\/index.php\/wp-json\/wp\/v2\/pages"}],"about":[{"href":"https:\/\/www.unidav.it\/index.php\/wp-json\/wp\/v2\/types\/page"}],"author":[{"embeddable":true,"href":"https:\/\/www.unidav.it\/index.php\/wp-json\/wp\/v2\/users\/1"}],"replies":[{"embeddable":true,"href":"https:\/\/www.unidav.it\/index.php\/wp-json\/wp\/v2\/comments?post=13987"}],"version-history":[{"count":0,"href":"https:\/\/www.unidav.it\/index.php\/wp-json\/wp\/v2\/pages\/13987\/revisions"}],"wp:attachment":[{"href":"https:\/\/www.unidav.it\/index.php\/wp-json\/wp\/v2\/media?parent=13987"}],"wp:term":[{"taxonomy":"category","embeddable":true,"href":"https:\/\/www.unidav.it\/index.php\/wp-json\/wp\/v2\/categories?post=13987"},{"taxonomy":"post_tag","embeddable":true,"href":"https:\/\/www.unidav.it\/index.php\/wp-json\/wp\/v2\/tags?post=13987"}],"curies":[{"name":"wp","href":"https:\/\/api.w.org\/{rel}","templated":true}]}}